{"id":149,"date":"2025-03-17T10:53:16","date_gmt":"2025-03-17T10:53:16","guid":{"rendered":"https:\/\/webcu.greensolutionsvn.com\/?page_id=149"},"modified":"2025-04-06T14:17:09","modified_gmt":"2025-04-06T07:17:09","slug":"khuyen-mai","status":"publish","type":"page","link":"https:\/\/webcu.greensolutionsvn.com\/index.php\/khuyen-mai","title":{"rendered":"Khuy\u1ebfn m\u00e3i"},"content":{"rendered":"\t\t<div data-elementor-type=\"wp-page\" data-elementor-id=\"149\" class=\"elementor elementor-149\">\n\t\t\t\t<div class=\"elementor-element elementor-element-8f678a8 e-con-full e-flex e-con e-parent\" data-id=\"8f678a8\" data-element_type=\"container\" data-e-type=\"container\">\n\t\t\t\t<div class=\"elementor-element elementor-element-ee06646 elementor-widget elementor-widget-image-carousel\" data-id=\"ee06646\" data-element_type=\"widget\" data-e-type=\"widget\" data-settings=\"{&quot;slides_to_show&quot;:&quot;1&quot;,&quot;navigation&quot;:&quot;none&quot;,&quot;autoplay&quot;:&quot;yes&quot;,&quot;pause_on_hover&quot;:&quot;yes&quot;,&quot;pause_on_interaction&quot;:&quot;yes&quot;,&quot;autoplay_speed&quot;:5000,&quot;infinite&quot;:&quot;yes&quot;,&quot;effect&quot;:&quot;slide&quot;,&quot;speed&quot;:500}\" data-widget_type=\"image-carousel.default\">\n\t\t\t\t<div class=\"elementor-widget-container\">\n\t\t\t\t\t\t\t<div class=\"elementor-image-carousel-wrapper swiper\" role=\"region\" aria-roledescription=\"carousel\" aria-label=\"B\u0103ng chuy\u1ec1n h\u00ecnh \u1ea3nh\" dir=\"ltr\">\n\t\t\t<div class=\"elementor-image-carousel swiper-wrapper\" aria-live=\"off\">\n\t\t\t\t\t\t\t\t<div class=\"swiper-slide\" role=\"group\" aria-roledescription=\"slide\" aria-label=\"1 tr\u00ean 2\"><figure class=\"swiper-slide-inner\"><img decoding=\"async\" class=\"swiper-slide-image\" src=\"https:\/\/webcu.greensolutionsvn.com\/wp-content\/uploads\/2025\/04\/muc-khuyen-mai-scaled.jpg\" alt=\"m\u1ee5c khuy\u1ebfn m\u00e3i\" \/><\/figure><\/div><div class=\"swiper-slide\" role=\"group\" aria-roledescription=\"slide\" aria-label=\"2 tr\u00ean 2\"><figure class=\"swiper-slide-inner\"><img decoding=\"async\" class=\"swiper-slide-image\" src=\"https:\/\/webcu.greensolutionsvn.com\/wp-content\/uploads\/2025\/04\/Trang-khach-hang-noi-gi-scaled.jpg\" alt=\"Trang kh\u00e1ch h\u00e0ng n\u00f3i g\u00ec\" \/><\/figure><\/div>\t\t\t<\/div>\n\t\t\t\t\t\t\t\n\t\t\t\t\t\t\t\t\t<\/div>\n\t\t\t\t\t\t<\/div>\n\t\t\t\t<\/div>\n\t\t\t\t<\/div>\n\t\t\t\t<\/div>\n\t\t","protected":false},"excerpt":{"rendered":"","protected":false},"author":1,"featured_media":0,"parent":0,"menu_order":0,"comment_status":"closed","ping_status":"closed","template":"","meta":{"_kad_post_transparent":"","_kad_post_title":"","_kad_post_layout":"","_kad_post_sidebar_id":"","_kad_post_content_style":"","_kad_post_vertical_padding":"","_kad_post_feature":"","_kad_post_feature_position":"","_kad_post_header":false,"_kad_post_footer":false,"footnotes":""},"class_list":["post-149","page","type-page","status-publish","hentry"],"yoast_head":"<!-- This site is optimized with the Yoast SEO plugin v25.0 - https:\/\/yoast.com\/wordpress\/plugins\/seo\/ -->\n<title>Khuy\u1ebfn m\u00e3i - greensolutionsvn.com<\/title>\n<meta name=\"robots\" content=\"index, follow, max-snippet:-1, max-image-preview:large, max-video-preview:-1\" \/>\n<link rel=\"canonical\" href=\"https:\/\/webcu.greensolutionsvn.com\/index.php\/khuyen-mai\" \/>\n<meta property=\"og:locale\" content=\"vi_VN\" \/>\n<meta property=\"og:type\" content=\"article\" \/>\n<meta property=\"og:title\" content=\"Khuy\u1ebfn m\u00e3i - greensolutionsvn.com\" \/>\n<meta property=\"og:url\" content=\"https:\/\/webcu.greensolutionsvn.com\/index.php\/khuyen-mai\" \/>\n<meta property=\"og:site_name\" content=\"greensolutionsvn.com\" \/>\n<meta property=\"article:modified_time\" content=\"2025-04-06T07:17:09+00:00\" \/>\n<meta property=\"og:image\" content=\"https:\/\/webcu.greensolutionsvn.com\/wp-content\/uploads\/2025\/04\/muc-khuyen-mai-scaled.jpg\" \/>\n<meta name=\"twitter:card\" content=\"summary_large_image\" \/>\n<script type=\"application\/ld+json\" class=\"yoast-schema-graph\">{\"@context\":\"https:\/\/schema.org\",\"@graph\":[{\"@type\":\"WebPage\",\"@id\":\"https:\/\/webcu.greensolutionsvn.com\/index.php\/khuyen-mai\",\"url\":\"https:\/\/webcu.greensolutionsvn.com\/index.php\/khuyen-mai\",\"name\":\"Khuy\u1ebfn m\u00e3i - greensolutionsvn.com\",\"isPartOf\":{\"@id\":\"https:\/\/webcu.greensolutionsvn.com\/#website\"},\"primaryImageOfPage\":{\"@id\":\"https:\/\/webcu.greensolutionsvn.com\/index.php\/khuyen-mai#primaryimage\"},\"image\":{\"@id\":\"https:\/\/webcu.greensolutionsvn.com\/index.php\/khuyen-mai#primaryimage\"},\"thumbnailUrl\":\"https:\/\/webcu.greensolutionsvn.com\/wp-content\/uploads\/2025\/04\/muc-khuyen-mai-scaled.jpg\",\"datePublished\":\"2025-03-17T10:53:16+00:00\",\"dateModified\":\"2025-04-06T07:17:09+00:00\",\"breadcrumb\":{\"@id\":\"https:\/\/webcu.greensolutionsvn.com\/index.php\/khuyen-mai#breadcrumb\"},\"inLanguage\":\"vi\",\"potentialAction\":[{\"@type\":\"ReadAction\",\"target\":[\"https:\/\/webcu.greensolutionsvn.com\/index.php\/khuyen-mai\"]}]},{\"@type\":\"ImageObject\",\"inLanguage\":\"vi\",\"@id\":\"https:\/\/webcu.greensolutionsvn.com\/index.php\/khuyen-mai#primaryimage\",\"url\":\"https:\/\/webcu.greensolutionsvn.com\/wp-content\/uploads\/2025\/04\/muc-khuyen-mai-scaled.jpg\",\"contentUrl\":\"https:\/\/webcu.greensolutionsvn.com\/wp-content\/uploads\/2025\/04\/muc-khuyen-mai-scaled.jpg\",\"width\":2560,\"height\":1280},{\"@type\":\"BreadcrumbList\",\"@id\":\"https:\/\/webcu.greensolutionsvn.com\/index.php\/khuyen-mai#breadcrumb\",\"itemListElement\":[{\"@type\":\"ListItem\",\"position\":1,\"name\":\"Trang ch\u1ee7\",\"item\":\"https:\/\/webcu.greensolutionsvn.com\/\"},{\"@type\":\"ListItem\",\"position\":2,\"name\":\"Khuy\u1ebfn m\u00e3i\"}]},{\"@type\":\"WebSite\",\"@id\":\"https:\/\/webcu.greensolutionsvn.com\/#website\",\"url\":\"https:\/\/webcu.greensolutionsvn.com\/\",\"name\":\"greensolutionsvn.com\",\"description\":\"GREEN SOLUTIONS VN l\u00e0 c\u00f4ng ty chuy\u00ean cung c\u1ea5p c\u00e1c gi\u1ea3i ph\u00e1p n\u01b0\u1edbc s\u1ea1ch to\u00e0n di\u1ec7n, bao g\u1ed3m thi\u1ebft b\u1ecb l\u1ecdc n\u01b0\u1edbc v\u00e0 m\u00e1y t\u1ea1o n\u01b0\u1edbc ion ki\u1ec1m. V\u1edbi m\u1ee5c ti\u00eau mang \u0111\u1ebfn ngu\u1ed3n n\u01b0\u1edbc ch\u1ea5t l\u01b0\u1ee3ng cao, an to\u00e0n cho s\u1ee9c kh\u1ecfe.\",\"publisher\":{\"@id\":\"https:\/\/webcu.greensolutionsvn.com\/#organization\"},\"potentialAction\":[{\"@type\":\"SearchAction\",\"target\":{\"@type\":\"EntryPoint\",\"urlTemplate\":\"https:\/\/webcu.greensolutionsvn.com\/?s={search_term_string}\"},\"query-input\":{\"@type\":\"PropertyValueSpecification\",\"valueRequired\":true,\"valueName\":\"search_term_string\"}}],\"inLanguage\":\"vi\"},{\"@type\":\"Organization\",\"@id\":\"https:\/\/webcu.greensolutionsvn.com\/#organization\",\"name\":\"greensolutionsvn.com\",\"url\":\"https:\/\/webcu.greensolutionsvn.com\/\",\"logo\":{\"@type\":\"ImageObject\",\"inLanguage\":\"vi\",\"@id\":\"https:\/\/webcu.greensolutionsvn.com\/#\/schema\/logo\/image\/\",\"url\":\"https:\/\/webcu.greensolutionsvn.com\/wp-content\/uploads\/2025\/03\/cropped-Artboard-1-2.png\",\"contentUrl\":\"https:\/\/webcu.greensolutionsvn.com\/wp-content\/uploads\/2025\/03\/cropped-Artboard-1-2.png\",\"width\":375,\"height\":375,\"caption\":\"greensolutionsvn.com\"},\"image\":{\"@id\":\"https:\/\/webcu.greensolutionsvn.com\/#\/schema\/logo\/image\/\"}}]}<\/script>\n<!-- \/ Yoast SEO plugin. -->","yoast_head_json":{"title":"Khuy\u1ebfn m\u00e3i - greensolutionsvn.com","robots":{"index":"index","follow":"follow","max-snippet":"max-snippet:-1","max-image-preview":"max-image-preview:large","max-video-preview":"max-video-preview:-1"},"canonical":"https:\/\/webcu.greensolutionsvn.com\/index.php\/khuyen-mai","og_locale":"vi_VN","og_type":"article","og_title":"Khuy\u1ebfn m\u00e3i - greensolutionsvn.com","og_url":"https:\/\/webcu.greensolutionsvn.com\/index.php\/khuyen-mai","og_site_name":"greensolutionsvn.com","article_modified_time":"2025-04-06T07:17:09+00:00","og_image":[{"url":"https:\/\/webcu.greensolutionsvn.com\/wp-content\/uploads\/2025\/04\/muc-khuyen-mai-scaled.jpg","type":"","width":"","height":""}],"twitter_card":"summary_large_image","schema":{"@context":"https:\/\/schema.org","@graph":[{"@type":"WebPage","@id":"https:\/\/webcu.greensolutionsvn.com\/index.php\/khuyen-mai","url":"https:\/\/webcu.greensolutionsvn.com\/index.php\/khuyen-mai","name":"Khuy\u1ebfn m\u00e3i - greensolutionsvn.com","isPartOf":{"@id":"https:\/\/webcu.greensolutionsvn.com\/#website"},"primaryImageOfPage":{"@id":"https:\/\/webcu.greensolutionsvn.com\/index.php\/khuyen-mai#primaryimage"},"image":{"@id":"https:\/\/webcu.greensolutionsvn.com\/index.php\/khuyen-mai#primaryimage"},"thumbnailUrl":"https:\/\/webcu.greensolutionsvn.com\/wp-content\/uploads\/2025\/04\/muc-khuyen-mai-scaled.jpg","datePublished":"2025-03-17T10:53:16+00:00","dateModified":"2025-04-06T07:17:09+00:00","breadcrumb":{"@id":"https:\/\/webcu.greensolutionsvn.com\/index.php\/khuyen-mai#breadcrumb"},"inLanguage":"vi","potentialAction":[{"@type":"ReadAction","target":["https:\/\/webcu.greensolutionsvn.com\/index.php\/khuyen-mai"]}]},{"@type":"ImageObject","inLanguage":"vi","@id":"https:\/\/webcu.greensolutionsvn.com\/index.php\/khuyen-mai#primaryimage","url":"https:\/\/webcu.greensolutionsvn.com\/wp-content\/uploads\/2025\/04\/muc-khuyen-mai-scaled.jpg","contentUrl":"https:\/\/webcu.greensolutionsvn.com\/wp-content\/uploads\/2025\/04\/muc-khuyen-mai-scaled.jpg","width":2560,"height":1280},{"@type":"BreadcrumbList","@id":"https:\/\/webcu.greensolutionsvn.com\/index.php\/khuyen-mai#breadcrumb","itemListElement":[{"@type":"ListItem","position":1,"name":"Trang ch\u1ee7","item":"https:\/\/webcu.greensolutionsvn.com\/"},{"@type":"ListItem","position":2,"name":"Khuy\u1ebfn m\u00e3i"}]},{"@type":"WebSite","@id":"https:\/\/webcu.greensolutionsvn.com\/#website","url":"https:\/\/webcu.greensolutionsvn.com\/","name":"greensolutionsvn.com","description":"GREEN SOLUTIONS VN l\u00e0 c\u00f4ng ty chuy\u00ean cung c\u1ea5p c\u00e1c gi\u1ea3i ph\u00e1p n\u01b0\u1edbc s\u1ea1ch to\u00e0n di\u1ec7n, bao g\u1ed3m thi\u1ebft b\u1ecb l\u1ecdc n\u01b0\u1edbc v\u00e0 m\u00e1y t\u1ea1o n\u01b0\u1edbc ion ki\u1ec1m. V\u1edbi m\u1ee5c ti\u00eau mang \u0111\u1ebfn ngu\u1ed3n n\u01b0\u1edbc ch\u1ea5t l\u01b0\u1ee3ng cao, an to\u00e0n cho s\u1ee9c kh\u1ecfe.","publisher":{"@id":"https:\/\/webcu.greensolutionsvn.com\/#organization"},"potentialAction":[{"@type":"SearchAction","target":{"@type":"EntryPoint","urlTemplate":"https:\/\/webcu.greensolutionsvn.com\/?s={search_term_string}"},"query-input":{"@type":"PropertyValueSpecification","valueRequired":true,"valueName":"search_term_string"}}],"inLanguage":"vi"},{"@type":"Organization","@id":"https:\/\/webcu.greensolutionsvn.com\/#organization","name":"greensolutionsvn.com","url":"https:\/\/webcu.greensolutionsvn.com\/","logo":{"@type":"ImageObject","inLanguage":"vi","@id":"https:\/\/webcu.greensolutionsvn.com\/#\/schema\/logo\/image\/","url":"https:\/\/webcu.greensolutionsvn.com\/wp-content\/uploads\/2025\/03\/cropped-Artboard-1-2.png","contentUrl":"https:\/\/webcu.greensolutionsvn.com\/wp-content\/uploads\/2025\/03\/cropped-Artboard-1-2.png","width":375,"height":375,"caption":"greensolutionsvn.com"},"image":{"@id":"https:\/\/webcu.greensolutionsvn.com\/#\/schema\/logo\/image\/"}}]}},"_links":{"self":[{"href":"https:\/\/webcu.greensolutionsvn.com\/index.php\/wp-json\/wp\/v2\/pages\/149","targetHints":{"allow":["GET"]}}],"collection":[{"href":"https:\/\/webcu.greensolutionsvn.com\/index.php\/wp-json\/wp\/v2\/pages"}],"about":[{"href":"https:\/\/webcu.greensolutionsvn.com\/index.php\/wp-json\/wp\/v2\/types\/page"}],"author":[{"embeddable":true,"href":"https:\/\/webcu.greensolutionsvn.com\/index.php\/wp-json\/wp\/v2\/users\/1"}],"replies":[{"embeddable":true,"href":"https:\/\/webcu.greensolutionsvn.com\/index.php\/wp-json\/wp\/v2\/comments?post=149"}],"version-history":[{"count":14,"href":"https:\/\/webcu.greensolutionsvn.com\/index.php\/wp-json\/wp\/v2\/pages\/149\/revisions"}],"predecessor-version":[{"id":1460,"href":"https:\/\/webcu.greensolutionsvn.com\/index.php\/wp-json\/wp\/v2\/pages\/149\/revisions\/1460"}],"wp:attachment":[{"href":"https:\/\/webcu.greensolutionsvn.com\/index.php\/wp-json\/wp\/v2\/media?parent=149"}],"curies":[{"name":"wp","href":"https:\/\/api.w.org\/{rel}","templated":true}]}}