{"id":155,"date":"2025-03-17T10:54:28","date_gmt":"2025-03-17T10:54:28","guid":{"rendered":"https:\/\/webcu.greensolutionsvn.com\/?page_id=155"},"modified":"2025-04-06T16:32:48","modified_gmt":"2025-04-06T09:32:48","slug":"khach-hang-noi-gi-ve-chung-toi","status":"publish","type":"page","link":"https:\/\/webcu.greensolutionsvn.com\/index.php\/khach-hang-noi-gi-ve-chung-toi","title":{"rendered":"Kh\u00e1ch h\u00e0ng n\u00f3i g\u00ec v\u1ec1 ch\u00fang t\u00f4i"},"content":{"rendered":"\t\t<div data-elementor-type=\"wp-page\" data-elementor-id=\"155\" class=\"elementor elementor-155\">\n\t\t\t\t<div class=\"elementor-element elementor-element-3401717 e-con-full e-flex e-con e-parent\" data-id=\"3401717\" data-element_type=\"container\" data-e-type=\"container\">\n\t\t\t\t<div class=\"elementor-element elementor-element-f427cd5 elementor-widget elementor-widget-image\" data-id=\"f427cd5\" data-element_type=\"widget\" data-e-type=\"widget\" data-widget_type=\"image.default\">\n\t\t\t\t<div class=\"elementor-widget-container\">\n\t\t\t\t\t\t\t\t\t\t\t\t\t\t\t<img fetchpriority=\"high\" decoding=\"async\" width=\"2560\" height=\"1280\" src=\"https:\/\/webcu.greensolutionsvn.com\/wp-content\/uploads\/2025\/04\/Trang-khach-hang-noi-gi-scaled.jpg\" class=\"attachment-full size-full wp-image-1270\" alt=\"\" srcset=\"https:\/\/webcu.greensolutionsvn.com\/wp-content\/uploads\/2025\/04\/Trang-khach-hang-noi-gi-scaled.jpg 2560w, https:\/\/webcu.greensolutionsvn.com\/wp-content\/uploads\/2025\/04\/Trang-khach-hang-noi-gi-scaled-600x300.jpg 600w, https:\/\/webcu.greensolutionsvn.com\/wp-content\/uploads\/2025\/04\/Trang-khach-hang-noi-gi-300x150.jpg 300w, https:\/\/webcu.greensolutionsvn.com\/wp-content\/uploads\/2025\/04\/Trang-khach-hang-noi-gi-1024x512.jpg 1024w, https:\/\/webcu.greensolutionsvn.com\/wp-content\/uploads\/2025\/04\/Trang-khach-hang-noi-gi-768x384.jpg 768w, https:\/\/webcu.greensolutionsvn.com\/wp-content\/uploads\/2025\/04\/Trang-khach-hang-noi-gi-1536x768.jpg 1536w, https:\/\/webcu.greensolutionsvn.com\/wp-content\/uploads\/2025\/04\/Trang-khach-hang-noi-gi-2048x1024.jpg 2048w\" sizes=\"(max-width: 2560px) 100vw, 2560px\" \/>\t\t\t\t\t\t\t\t\t\t\t\t\t\t\t<\/div>\n\t\t\t\t<\/div>\n\t\t\t\t<\/div>\n\t\t<div class=\"elementor-element elementor-element-fa287cc e-con-full e-flex e-con e-parent\" data-id=\"fa287cc\" data-element_type=\"container\" data-e-type=\"container\" data-settings=\"{&quot;background_background&quot;:&quot;classic&quot;}\">\n\t\t\t\t<div class=\"elementor-element elementor-element-fac9885 elementor-widget elementor-widget-heading\" data-id=\"fac9885\" data-element_type=\"widget\" data-e-type=\"widget\" data-widget_type=\"heading.default\">\n\t\t\t\t<div class=\"elementor-widget-container\">\n\t\t\t\t\t<h2 class=\"elementor-heading-title elementor-size-default\">Kh\u1ea3o nghi\u1ec7m v\u1ec1 l\u1ee3i \u00edch c\u1ee7a n\u01b0\u1edbc ion ki\u1ec1m \u0111i\u1ec7n ph\u00e2n magie t\u1ea1i t\u00ecnh qu\u1ea3ng tr\u1ecb<\/h2>\t\t\t\t<\/div>\n\t\t\t\t<\/div>\n\t\t\t\t<\/div>\n\t\t<div class=\"elementor-element elementor-element-45f82a1 e-con-full e-flex e-con e-parent\" data-id=\"45f82a1\" data-element_type=\"container\" data-e-type=\"container\" data-settings=\"{&quot;background_background&quot;:&quot;classic&quot;}\">\n\t\t\t\t<div class=\"elementor-element elementor-element-65d5cac elementor-widget elementor-widget-video\" data-id=\"65d5cac\" data-element_type=\"widget\" data-e-type=\"widget\" data-settings=\"{&quot;video_type&quot;:&quot;hosted&quot;,&quot;controls&quot;:&quot;yes&quot;}\" data-widget_type=\"video.default\">\n\t\t\t\t<div class=\"elementor-widget-container\">\n\t\t\t\t\t\t\t<div class=\"e-hosted-video elementor-wrapper elementor-open-inline\">\n\t\t\t\t\t<video class=\"elementor-video\" src=\"https:\/\/webcu.greensolutionsvn.com\/wp-content\/uploads\/2025\/04\/6473174854991.mp4\" controls=\"\" preload=\"metadata\" controlsList=\"nodownload\" poster=\"https:\/\/webcu.greensolutionsvn.com\/wp-content\/uploads\/2025\/04\/Screenshot-2025-04-06-140712.png\"><\/video>\n\t\t\t\t<\/div>\n\t\t\t\t\t\t<\/div>\n\t\t\t\t<\/div>\n\t\t\t\t<\/div>\n\t\t\t\t<\/div>\n\t\t","protected":false},"excerpt":{"rendered":"<p>Kh\u1ea3o nghi\u1ec7m v\u1ec1 l\u1ee3i \u00edch c\u1ee7a n\u01b0\u1edbc ion ki\u1ec1m \u0111i\u1ec7n ph\u00e2n magie t\u1ea1i t\u00ecnh qu\u1ea3ng tr\u1ecb https:\/\/webcu.greensolutionsvn.com\/wp-content\/uploads\/2025\/04\/6473174854991.mp4<\/p>\n","protected":false},"author":1,"featured_media":0,"parent":0,"menu_order":0,"comment_status":"closed","ping_status":"closed","template":"","meta":{"_kad_post_transparent":"","_kad_post_title":"","_kad_post_layout":"","_kad_post_sidebar_id":"","_kad_post_content_style":"","_kad_post_vertical_padding":"","_kad_post_feature":"","_kad_post_feature_position":"","_kad_post_header":false,"_kad_post_footer":false,"footnotes":""},"class_list":["post-155","page","type-page","status-publish","hentry"],"yoast_head":"<!-- This site is optimized with the Yoast SEO plugin v25.0 - https:\/\/yoast.com\/wordpress\/plugins\/seo\/ -->\n<title>Kh\u00e1ch h\u00e0ng n\u00f3i g\u00ec v\u1ec1 ch\u00fang t\u00f4i - greensolutionsvn.com<\/title>\n<meta name=\"robots\" content=\"index, follow, max-snippet:-1, max-image-preview:large, max-video-preview:-1\" \/>\n<link rel=\"canonical\" href=\"https:\/\/webcu.greensolutionsvn.com\/index.php\/khach-hang-noi-gi-ve-chung-toi\" \/>\n<meta property=\"og:locale\" content=\"vi_VN\" \/>\n<meta property=\"og:type\" content=\"article\" \/>\n<meta property=\"og:title\" content=\"Kh\u00e1ch h\u00e0ng n\u00f3i g\u00ec v\u1ec1 ch\u00fang t\u00f4i - greensolutionsvn.com\" \/>\n<meta property=\"og:description\" content=\"Kh\u1ea3o nghi\u1ec7m v\u1ec1 l\u1ee3i \u00edch c\u1ee7a n\u01b0\u1edbc ion ki\u1ec1m \u0111i\u1ec7n ph\u00e2n magie t\u1ea1i t\u00ecnh qu\u1ea3ng tr\u1ecb https:\/\/webcu.greensolutionsvn.com\/wp-content\/uploads\/2025\/04\/6473174854991.mp4\" \/>\n<meta property=\"og:url\" content=\"https:\/\/webcu.greensolutionsvn.com\/index.php\/khach-hang-noi-gi-ve-chung-toi\" \/>\n<meta property=\"og:site_name\" content=\"greensolutionsvn.com\" \/>\n<meta property=\"article:modified_time\" content=\"2025-04-06T09:32:48+00:00\" \/>\n<meta property=\"og:image\" content=\"https:\/\/webcu.greensolutionsvn.com\/wp-content\/uploads\/2025\/04\/Trang-khach-hang-noi-gi-scaled.jpg\" \/>\n\t<meta property=\"og:image:width\" content=\"2560\" \/>\n\t<meta property=\"og:image:height\" content=\"1280\" \/>\n\t<meta property=\"og:image:type\" content=\"image\/jpeg\" \/>\n<meta name=\"twitter:card\" content=\"summary_large_image\" \/>\n<script type=\"application\/ld+json\" class=\"yoast-schema-graph\">{\"@context\":\"https:\/\/schema.org\",\"@graph\":[{\"@type\":\"WebPage\",\"@id\":\"https:\/\/webcu.greensolutionsvn.com\/index.php\/khach-hang-noi-gi-ve-chung-toi\",\"url\":\"https:\/\/webcu.greensolutionsvn.com\/index.php\/khach-hang-noi-gi-ve-chung-toi\",\"name\":\"Kh\u00e1ch h\u00e0ng n\u00f3i g\u00ec v\u1ec1 ch\u00fang t\u00f4i - greensolutionsvn.com\",\"isPartOf\":{\"@id\":\"https:\/\/webcu.greensolutionsvn.com\/#website\"},\"primaryImageOfPage\":{\"@id\":\"https:\/\/webcu.greensolutionsvn.com\/index.php\/khach-hang-noi-gi-ve-chung-toi#primaryimage\"},\"image\":{\"@id\":\"https:\/\/webcu.greensolutionsvn.com\/index.php\/khach-hang-noi-gi-ve-chung-toi#primaryimage\"},\"thumbnailUrl\":\"https:\/\/webcu.greensolutionsvn.com\/wp-content\/uploads\/2025\/04\/Trang-khach-hang-noi-gi-scaled.jpg\",\"datePublished\":\"2025-03-17T10:54:28+00:00\",\"dateModified\":\"2025-04-06T09:32:48+00:00\",\"breadcrumb\":{\"@id\":\"https:\/\/webcu.greensolutionsvn.com\/index.php\/khach-hang-noi-gi-ve-chung-toi#breadcrumb\"},\"inLanguage\":\"vi\",\"potentialAction\":[{\"@type\":\"ReadAction\",\"target\":[\"https:\/\/webcu.greensolutionsvn.com\/index.php\/khach-hang-noi-gi-ve-chung-toi\"]}]},{\"@type\":\"ImageObject\",\"inLanguage\":\"vi\",\"@id\":\"https:\/\/webcu.greensolutionsvn.com\/index.php\/khach-hang-noi-gi-ve-chung-toi#primaryimage\",\"url\":\"https:\/\/webcu.greensolutionsvn.com\/wp-content\/uploads\/2025\/04\/Trang-khach-hang-noi-gi-scaled.jpg\",\"contentUrl\":\"https:\/\/webcu.greensolutionsvn.com\/wp-content\/uploads\/2025\/04\/Trang-khach-hang-noi-gi-scaled.jpg\",\"width\":2560,\"height\":1280},{\"@type\":\"BreadcrumbList\",\"@id\":\"https:\/\/webcu.greensolutionsvn.com\/index.php\/khach-hang-noi-gi-ve-chung-toi#breadcrumb\",\"itemListElement\":[{\"@type\":\"ListItem\",\"position\":1,\"name\":\"Trang ch\u1ee7\",\"item\":\"https:\/\/webcu.greensolutionsvn.com\/\"},{\"@type\":\"ListItem\",\"position\":2,\"name\":\"Kh\u00e1ch h\u00e0ng n\u00f3i g\u00ec v\u1ec1 ch\u00fang t\u00f4i\"}]},{\"@type\":\"WebSite\",\"@id\":\"https:\/\/webcu.greensolutionsvn.com\/#website\",\"url\":\"https:\/\/webcu.greensolutionsvn.com\/\",\"name\":\"greensolutionsvn.com\",\"description\":\"GREEN SOLUTIONS VN l\u00e0 c\u00f4ng ty chuy\u00ean cung c\u1ea5p c\u00e1c gi\u1ea3i ph\u00e1p n\u01b0\u1edbc s\u1ea1ch to\u00e0n di\u1ec7n, bao g\u1ed3m thi\u1ebft b\u1ecb l\u1ecdc n\u01b0\u1edbc v\u00e0 m\u00e1y t\u1ea1o n\u01b0\u1edbc ion ki\u1ec1m. V\u1edbi m\u1ee5c ti\u00eau mang \u0111\u1ebfn ngu\u1ed3n n\u01b0\u1edbc ch\u1ea5t l\u01b0\u1ee3ng cao, an to\u00e0n cho s\u1ee9c kh\u1ecfe.\",\"publisher\":{\"@id\":\"https:\/\/webcu.greensolutionsvn.com\/#organization\"},\"potentialAction\":[{\"@type\":\"SearchAction\",\"target\":{\"@type\":\"EntryPoint\",\"urlTemplate\":\"https:\/\/webcu.greensolutionsvn.com\/?s={search_term_string}\"},\"query-input\":{\"@type\":\"PropertyValueSpecification\",\"valueRequired\":true,\"valueName\":\"search_term_string\"}}],\"inLanguage\":\"vi\"},{\"@type\":\"Organization\",\"@id\":\"https:\/\/webcu.greensolutionsvn.com\/#organization\",\"name\":\"greensolutionsvn.com\",\"url\":\"https:\/\/webcu.greensolutionsvn.com\/\",\"logo\":{\"@type\":\"ImageObject\",\"inLanguage\":\"vi\",\"@id\":\"https:\/\/webcu.greensolutionsvn.com\/#\/schema\/logo\/image\/\",\"url\":\"https:\/\/webcu.greensolutionsvn.com\/wp-content\/uploads\/2025\/03\/cropped-Artboard-1-2.png\",\"contentUrl\":\"https:\/\/webcu.greensolutionsvn.com\/wp-content\/uploads\/2025\/03\/cropped-Artboard-1-2.png\",\"width\":375,\"height\":375,\"caption\":\"greensolutionsvn.com\"},\"image\":{\"@id\":\"https:\/\/webcu.greensolutionsvn.com\/#\/schema\/logo\/image\/\"}}]}<\/script>\n<!-- \/ Yoast SEO plugin. -->","yoast_head_json":{"title":"Kh\u00e1ch h\u00e0ng n\u00f3i g\u00ec v\u1ec1 ch\u00fang t\u00f4i - greensolutionsvn.com","robots":{"index":"index","follow":"follow","max-snippet":"max-snippet:-1","max-image-preview":"max-image-preview:large","max-video-preview":"max-video-preview:-1"},"canonical":"https:\/\/webcu.greensolutionsvn.com\/index.php\/khach-hang-noi-gi-ve-chung-toi","og_locale":"vi_VN","og_type":"article","og_title":"Kh\u00e1ch h\u00e0ng n\u00f3i g\u00ec v\u1ec1 ch\u00fang t\u00f4i - greensolutionsvn.com","og_description":"Kh\u1ea3o nghi\u1ec7m v\u1ec1 l\u1ee3i \u00edch c\u1ee7a n\u01b0\u1edbc ion ki\u1ec1m \u0111i\u1ec7n ph\u00e2n magie t\u1ea1i t\u00ecnh qu\u1ea3ng tr\u1ecb https:\/\/webcu.greensolutionsvn.com\/wp-content\/uploads\/2025\/04\/6473174854991.mp4","og_url":"https:\/\/webcu.greensolutionsvn.com\/index.php\/khach-hang-noi-gi-ve-chung-toi","og_site_name":"greensolutionsvn.com","article_modified_time":"2025-04-06T09:32:48+00:00","og_image":[{"width":2560,"height":1280,"url":"https:\/\/webcu.greensolutionsvn.com\/wp-content\/uploads\/2025\/04\/Trang-khach-hang-noi-gi-scaled.jpg","type":"image\/jpeg"}],"twitter_card":"summary_large_image","schema":{"@context":"https:\/\/schema.org","@graph":[{"@type":"WebPage","@id":"https:\/\/webcu.greensolutionsvn.com\/index.php\/khach-hang-noi-gi-ve-chung-toi","url":"https:\/\/webcu.greensolutionsvn.com\/index.php\/khach-hang-noi-gi-ve-chung-toi","name":"Kh\u00e1ch h\u00e0ng n\u00f3i g\u00ec v\u1ec1 ch\u00fang t\u00f4i - greensolutionsvn.com","isPartOf":{"@id":"https:\/\/webcu.greensolutionsvn.com\/#website"},"primaryImageOfPage":{"@id":"https:\/\/webcu.greensolutionsvn.com\/index.php\/khach-hang-noi-gi-ve-chung-toi#primaryimage"},"image":{"@id":"https:\/\/webcu.greensolutionsvn.com\/index.php\/khach-hang-noi-gi-ve-chung-toi#primaryimage"},"thumbnailUrl":"https:\/\/webcu.greensolutionsvn.com\/wp-content\/uploads\/2025\/04\/Trang-khach-hang-noi-gi-scaled.jpg","datePublished":"2025-03-17T10:54:28+00:00","dateModified":"2025-04-06T09:32:48+00:00","breadcrumb":{"@id":"https:\/\/webcu.greensolutionsvn.com\/index.php\/khach-hang-noi-gi-ve-chung-toi#breadcrumb"},"inLanguage":"vi","potentialAction":[{"@type":"ReadAction","target":["https:\/\/webcu.greensolutionsvn.com\/index.php\/khach-hang-noi-gi-ve-chung-toi"]}]},{"@type":"ImageObject","inLanguage":"vi","@id":"https:\/\/webcu.greensolutionsvn.com\/index.php\/khach-hang-noi-gi-ve-chung-toi#primaryimage","url":"https:\/\/webcu.greensolutionsvn.com\/wp-content\/uploads\/2025\/04\/Trang-khach-hang-noi-gi-scaled.jpg","contentUrl":"https:\/\/webcu.greensolutionsvn.com\/wp-content\/uploads\/2025\/04\/Trang-khach-hang-noi-gi-scaled.jpg","width":2560,"height":1280},{"@type":"BreadcrumbList","@id":"https:\/\/webcu.greensolutionsvn.com\/index.php\/khach-hang-noi-gi-ve-chung-toi#breadcrumb","itemListElement":[{"@type":"ListItem","position":1,"name":"Trang ch\u1ee7","item":"https:\/\/webcu.greensolutionsvn.com\/"},{"@type":"ListItem","position":2,"name":"Kh\u00e1ch h\u00e0ng n\u00f3i g\u00ec v\u1ec1 ch\u00fang t\u00f4i"}]},{"@type":"WebSite","@id":"https:\/\/webcu.greensolutionsvn.com\/#website","url":"https:\/\/webcu.greensolutionsvn.com\/","name":"greensolutionsvn.com","description":"GREEN SOLUTIONS VN l\u00e0 c\u00f4ng ty chuy\u00ean cung c\u1ea5p c\u00e1c gi\u1ea3i ph\u00e1p n\u01b0\u1edbc s\u1ea1ch to\u00e0n di\u1ec7n, bao g\u1ed3m thi\u1ebft b\u1ecb l\u1ecdc n\u01b0\u1edbc v\u00e0 m\u00e1y t\u1ea1o n\u01b0\u1edbc ion ki\u1ec1m. V\u1edbi m\u1ee5c ti\u00eau mang \u0111\u1ebfn ngu\u1ed3n n\u01b0\u1edbc ch\u1ea5t l\u01b0\u1ee3ng cao, an to\u00e0n cho s\u1ee9c kh\u1ecfe.","publisher":{"@id":"https:\/\/webcu.greensolutionsvn.com\/#organization"},"potentialAction":[{"@type":"SearchAction","target":{"@type":"EntryPoint","urlTemplate":"https:\/\/webcu.greensolutionsvn.com\/?s={search_term_string}"},"query-input":{"@type":"PropertyValueSpecification","valueRequired":true,"valueName":"search_term_string"}}],"inLanguage":"vi"},{"@type":"Organization","@id":"https:\/\/webcu.greensolutionsvn.com\/#organization","name":"greensolutionsvn.com","url":"https:\/\/webcu.greensolutionsvn.com\/","logo":{"@type":"ImageObject","inLanguage":"vi","@id":"https:\/\/webcu.greensolutionsvn.com\/#\/schema\/logo\/image\/","url":"https:\/\/webcu.greensolutionsvn.com\/wp-content\/uploads\/2025\/03\/cropped-Artboard-1-2.png","contentUrl":"https:\/\/webcu.greensolutionsvn.com\/wp-content\/uploads\/2025\/03\/cropped-Artboard-1-2.png","width":375,"height":375,"caption":"greensolutionsvn.com"},"image":{"@id":"https:\/\/webcu.greensolutionsvn.com\/#\/schema\/logo\/image\/"}}]}},"_links":{"self":[{"href":"https:\/\/webcu.greensolutionsvn.com\/index.php\/wp-json\/wp\/v2\/pages\/155","targetHints":{"allow":["GET"]}}],"collection":[{"href":"https:\/\/webcu.greensolutionsvn.com\/index.php\/wp-json\/wp\/v2\/pages"}],"about":[{"href":"https:\/\/webcu.greensolutionsvn.com\/index.php\/wp-json\/wp\/v2\/types\/page"}],"author":[{"embeddable":true,"href":"https:\/\/webcu.greensolutionsvn.com\/index.php\/wp-json\/wp\/v2\/users\/1"}],"replies":[{"embeddable":true,"href":"https:\/\/webcu.greensolutionsvn.com\/index.php\/wp-json\/wp\/v2\/comments?post=155"}],"version-history":[{"count":16,"href":"https:\/\/webcu.greensolutionsvn.com\/index.php\/wp-json\/wp\/v2\/pages\/155\/revisions"}],"predecessor-version":[{"id":1511,"href":"https:\/\/webcu.greensolutionsvn.com\/index.php\/wp-json\/wp\/v2\/pages\/155\/revisions\/1511"}],"wp:attachment":[{"href":"https:\/\/webcu.greensolutionsvn.com\/index.php\/wp-json\/wp\/v2\/media?parent=155"}],"curies":[{"name":"wp","href":"https:\/\/api.w.org\/{rel}","templated":true}]}}