{"id":860,"date":"2025-03-26T06:20:39","date_gmt":"2025-03-26T06:20:39","guid":{"rendered":"https:\/\/webcu.greensolutionsvn.com\/index.php\/cart\/"},"modified":"2025-04-07T11:19:06","modified_gmt":"2025-04-07T04:19:06","slug":"cart","status":"publish","type":"page","link":"https:\/\/webcu.greensolutionsvn.com\/index.php\/cart","title":{"rendered":"Cart"},"content":{"rendered":"\t\t<div data-elementor-type=\"wp-page\" data-elementor-id=\"860\" class=\"elementor elementor-860\">\n\t\t\t\t<div class=\"elementor-element elementor-element-aba022f e-con-full e-flex e-con e-parent\" data-id=\"aba022f\" data-element_type=\"container\" data-e-type=\"container\">\n\t\t<div class=\"elementor-element elementor-element-7434873 e-con-full e-flex e-con e-child\" data-id=\"7434873\" data-element_type=\"container\" data-e-type=\"container\">\n\t\t<div class=\"elementor-element elementor-element-e9d62d2 e-grid e-con-full e-con e-child\" data-id=\"e9d62d2\" data-element_type=\"container\" data-e-type=\"container\">\n\t\t\t\t<div class=\"elementor-element elementor-element-beea2c4 elementor-position-inline-start elementor-view-default elementor-mobile-position-block-start elementor-widget elementor-widget-icon-box\" data-id=\"beea2c4\" data-element_type=\"widget\" data-e-type=\"widget\" data-widget_type=\"icon-box.default\">\n\t\t\t\t<div class=\"elementor-widget-container\">\n\t\t\t\t\t\t\t<div class=\"elementor-icon-box-wrapper\">\n\n\t\t\t\t\t\t<div class=\"elementor-icon-box-icon\">\n\t\t\t\t<span  class=\"elementor-icon\">\n\t\t\t\t<svg aria-hidden=\"true\" class=\"e-font-icon-svg e-fas-cubes\" viewBox=\"0 0 512 512\" xmlns=\"http:\/\/www.w3.org\/2000\/svg\"><path d=\"M488.6 250.2L392 214V105.5c0-15-9.3-28.4-23.4-33.7l-100-37.5c-8.1-3.1-17.1-3.1-25.3 0l-100 37.5c-14.1 5.3-23.4 18.7-23.4 33.7V214l-96.6 36.2C9.3 255.5 0 268.9 0 283.9V394c0 13.6 7.7 26.1 19.9 32.2l100 50c10.1 5.1 22.1 5.1 32.2 0l103.9-52 103.9 52c10.1 5.1 22.1 5.1 32.2 0l100-50c12.2-6.1 19.9-18.6 19.9-32.2V283.9c0-15-9.3-28.4-23.4-33.7zM358 214.8l-85 31.9v-68.2l85-37v73.3zM154 104.1l102-38.2 102 38.2v.6l-102 41.4-102-41.4v-.6zm84 291.1l-85 42.5v-79.1l85-38.8v75.4zm0-112l-102 41.4-102-41.4v-.6l102-38.2 102 38.2v.6zm240 112l-85 42.5v-79.1l85-38.8v75.4zm0-112l-102 41.4-102-41.4v-.6l102-38.2 102 38.2v.6z\"><\/path><\/svg>\t\t\t\t<\/span>\n\t\t\t<\/div>\n\t\t\t\n\t\t\t\t\t\t<div class=\"elementor-icon-box-content\">\n\n\t\t\t\t\t\t\t\t\t<h3 class=\"elementor-icon-box-title\">\n\t\t\t\t\t\t<span  >\n\t\t\t\t\t\t\tGiao h\u00e0ng t\u1eadn n\u01a1i \t\t\t\t\t\t<\/span>\n\t\t\t\t\t<\/h3>\n\t\t\t\t\n\t\t\t\t\t\t\t\t\t<p class=\"elementor-icon-box-description\">\n\t\t\t\t\t\ttr\u00ean 63 t\u1ec9nh\/th\u00e0nh\t\t\t\t\t<\/p>\n\t\t\t\t\n\t\t\t<\/div>\n\t\t\t\n\t\t<\/div>\n\t\t\t\t\t\t<\/div>\n\t\t\t\t<\/div>\n\t\t\t\t<div class=\"elementor-element elementor-element-75f7f46 elementor-position-inline-start elementor-view-default elementor-mobile-position-block-start elementor-widget elementor-widget-icon-box\" data-id=\"75f7f46\" data-element_type=\"widget\" data-e-type=\"widget\" data-widget_type=\"icon-box.default\">\n\t\t\t\t<div class=\"elementor-widget-container\">\n\t\t\t\t\t\t\t<div class=\"elementor-icon-box-wrapper\">\n\n\t\t\t\t\t\t<div class=\"elementor-icon-box-icon\">\n\t\t\t\t<span  class=\"elementor-icon\">\n\t\t\t\t<svg aria-hidden=\"true\" class=\"e-font-icon-svg e-fas-medal\" viewBox=\"0 0 512 512\" xmlns=\"http:\/\/www.w3.org\/2000\/svg\"><path d=\"M223.75 130.75L154.62 15.54A31.997 31.997 0 0 0 127.18 0H16.03C3.08 0-4.5 14.57 2.92 25.18l111.27 158.96c29.72-27.77 67.52-46.83 109.56-53.39zM495.97 0H384.82c-11.24 0-21.66 5.9-27.44 15.54l-69.13 115.21c42.04 6.56 79.84 25.62 109.56 53.38L509.08 25.18C516.5 14.57 508.92 0 495.97 0zM256 160c-97.2 0-176 78.8-176 176s78.8 176 176 176 176-78.8 176-176-78.8-176-176-176zm92.52 157.26l-37.93 36.96 8.97 52.22c1.6 9.36-8.26 16.51-16.65 12.09L256 393.88l-46.9 24.65c-8.4 4.45-18.25-2.74-16.65-12.09l8.97-52.22-37.93-36.96c-6.82-6.64-3.05-18.23 6.35-19.59l52.43-7.64 23.43-47.52c2.11-4.28 6.19-6.39 10.28-6.39 4.11 0 8.22 2.14 10.33 6.39l23.43 47.52 52.43 7.64c9.4 1.36 13.17 12.95 6.35 19.59z\"><\/path><\/svg>\t\t\t\t<\/span>\n\t\t\t<\/div>\n\t\t\t\n\t\t\t\t\t\t<div class=\"elementor-icon-box-content\">\n\n\t\t\t\t\t\t\t\t\t<h3 class=\"elementor-icon-box-title\">\n\t\t\t\t\t\t<span  >\n\t\t\t\t\t\t\tH\u00e0ng ch\u00ednh h\u00e3ng\t\t\t\t\t\t<\/span>\n\t\t\t\t\t<\/h3>\n\t\t\t\t\n\t\t\t\t\t\t\t\t\t<p class=\"elementor-icon-box-description\">\n\t\t\t\t\t\t\u0111\u1ea7y \u0111\u1ee7 CO, CQ\t\t\t\t\t<\/p>\n\t\t\t\t\n\t\t\t<\/div>\n\t\t\t\n\t\t<\/div>\n\t\t\t\t\t\t<\/div>\n\t\t\t\t<\/div>\n\t\t\t\t<div class=\"elementor-element elementor-element-533df9c elementor-position-inline-start elementor-view-default elementor-mobile-position-block-start elementor-widget elementor-widget-icon-box\" data-id=\"533df9c\" data-element_type=\"widget\" data-e-type=\"widget\" data-widget_type=\"icon-box.default\">\n\t\t\t\t<div class=\"elementor-widget-container\">\n\t\t\t\t\t\t\t<div class=\"elementor-icon-box-wrapper\">\n\n\t\t\t\t\t\t<div class=\"elementor-icon-box-icon\">\n\t\t\t\t<span  class=\"elementor-icon\">\n\t\t\t\t<svg aria-hidden=\"true\" class=\"e-font-icon-svg e-fas-star\" viewBox=\"0 0 576 512\" xmlns=\"http:\/\/www.w3.org\/2000\/svg\"><path d=\"M259.3 17.8L194 150.2 47.9 171.5c-26.2 3.8-36.7 36.1-17.7 54.6l105.7 103-25 145.5c-4.5 26.3 23.2 46 46.4 33.7L288 439.6l130.7 68.7c23.2 12.2 50.9-7.4 46.4-33.7l-25-145.5 105.7-103c19-18.5 8.5-50.8-17.7-54.6L382 150.2 316.7 17.8c-11.7-23.6-45.6-23.9-57.4 0z\"><\/path><\/svg>\t\t\t\t<\/span>\n\t\t\t<\/div>\n\t\t\t\n\t\t\t\t\t\t<div class=\"elementor-icon-box-content\">\n\n\t\t\t\t\n\t\t\t\t\t\t\t\t\t<p class=\"elementor-icon-box-description\">\n\t\t\t\t\t\t\nB\u1ea3o h\u00e0nh ch\u00ednh h\u00e3ng,\nc\u00f3 k\u0129 thu\u1eadt \u0111\u1ebfn t\u1eadn nh\u00e0\t\t\t\t\t<\/p>\n\t\t\t\t\n\t\t\t<\/div>\n\t\t\t\n\t\t<\/div>\n\t\t\t\t\t\t<\/div>\n\t\t\t\t<\/div>\n\t\t\t\t<div class=\"elementor-element elementor-element-998cb41 elementor-position-inline-start elementor-view-default elementor-mobile-position-block-start elementor-widget elementor-widget-icon-box\" data-id=\"998cb41\" data-element_type=\"widget\" data-e-type=\"widget\" data-widget_type=\"icon-box.default\">\n\t\t\t\t<div class=\"elementor-widget-container\">\n\t\t\t\t\t\t\t<div class=\"elementor-icon-box-wrapper\">\n\n\t\t\t\t\t\t<div class=\"elementor-icon-box-icon\">\n\t\t\t\t<span  class=\"elementor-icon\">\n\t\t\t\t<svg aria-hidden=\"true\" class=\"e-font-icon-svg e-fas-check\" viewBox=\"0 0 512 512\" xmlns=\"http:\/\/www.w3.org\/2000\/svg\"><path d=\"M173.898 439.404l-166.4-166.4c-9.997-9.997-9.997-26.206 0-36.204l36.203-36.204c9.997-9.998 26.207-9.998 36.204 0L192 312.69 432.095 72.596c9.997-9.997 26.207-9.997 36.204 0l36.203 36.204c9.997 9.997 9.997 26.206 0 36.204l-294.4 294.401c-9.998 9.997-26.207 9.997-36.204-.001z\"><\/path><\/svg>\t\t\t\t<\/span>\n\t\t\t<\/div>\n\t\t\t\n\t\t\t\t\t\t<div class=\"elementor-icon-box-content\">\n\n\t\t\t\t\n\t\t\t\t\t\t\t\t\t<p class=\"elementor-icon-box-description\">\n\t\t\t\t\t\t\nB\u1ea3o h\u00e0nh tr\u00ean 63 t\u1ec9nh\/th\u00e0nh\t\t\t\t\t<\/p>\n\t\t\t\t\n\t\t\t<\/div>\n\t\t\t\n\t\t<\/div>\n\t\t\t\t\t\t<\/div>\n\t\t\t\t<\/div>\n\t\t\t\t<\/div>\n\t\t\t\t<\/div>\n\t\t<div class=\"elementor-element elementor-element-7eb7ab4 e-con-full e-flex e-con e-child\" data-id=\"7eb7ab4\" data-element_type=\"container\" data-e-type=\"container\" data-settings=\"{&quot;background_background&quot;:&quot;classic&quot;}\">\n\t\t<div class=\"elementor-element elementor-element-7d475d2 e-grid e-con-full e-con e-child\" data-id=\"7d475d2\" data-element_type=\"container\" data-e-type=\"container\">\n\t\t\t\t<div class=\"elementor-element elementor-element-90324c8 elementor-invisible elementor-widget elementor-widget-heading\" data-id=\"90324c8\" data-element_type=\"widget\" data-e-type=\"widget\" data-settings=\"{&quot;_animation&quot;:&quot;headShake&quot;}\" data-widget_type=\"heading.default\">\n\t\t\t\t<div class=\"elementor-widget-container\">\n\t\t\t\t\t<h2 class=\"elementor-heading-title elementor-size-default\">G\u1ecdi hotline <em><strong><span>0825689315<\/span><\/strong> <\/em> <br> Chat Zalo , Fanpage \u0111\u1ec3 \u0111\u1eb7t h\u00e0ng<\/h2>\t\t\t\t<\/div>\n\t\t\t\t<\/div>\n\t\t<div class=\"elementor-element elementor-element-62762ab e-grid e-con-full e-con e-child\" data-id=\"62762ab\" data-element_type=\"container\" data-e-type=\"container\">\n\t\t\t\t<div class=\"elementor-element elementor-element-1501cd5 elementor-invisible elementor-widget elementor-widget-image\" data-id=\"1501cd5\" data-element_type=\"widget\" data-e-type=\"widget\" data-settings=\"{&quot;_animation&quot;:&quot;shake&quot;}\" data-widget_type=\"image.default\">\n\t\t\t\t<div class=\"elementor-widget-container\">\n\t\t\t\t\t\t\t\t\t\t\t\t\t\t\t<img decoding=\"async\" width=\"147\" height=\"150\" src=\"https:\/\/webcu.greensolutionsvn.com\/wp-content\/uploads\/2025\/04\/Mesa-de-trabajo-1-1-147x150.png\" class=\"attachment-thumbnail size-thumbnail wp-image-1542\" alt=\"\" \/>\t\t\t\t\t\t\t\t\t\t\t\t\t\t\t<\/div>\n\t\t\t\t<\/div>\n\t\t\t\t<div class=\"elementor-element elementor-element-2d9d071 elementor-invisible elementor-widget elementor-widget-image\" data-id=\"2d9d071\" data-element_type=\"widget\" data-e-type=\"widget\" data-settings=\"{&quot;_animation&quot;:&quot;shake&quot;}\" data-widget_type=\"image.default\">\n\t\t\t\t<div class=\"elementor-widget-container\">\n\t\t\t\t\t\t\t\t\t\t\t\t\t\t\t<img decoding=\"async\" width=\"148\" height=\"148\" src=\"https:\/\/webcu.greensolutionsvn.com\/wp-content\/uploads\/2025\/04\/Artboard-4-1.png\" class=\"attachment-thumbnail size-thumbnail wp-image-1541\" alt=\"\" srcset=\"https:\/\/webcu.greensolutionsvn.com\/wp-content\/uploads\/2025\/04\/Artboard-4-1.png 148w, https:\/\/webcu.greensolutionsvn.com\/wp-content\/uploads\/2025\/04\/Artboard-4-1-100x100.png 100w\" sizes=\"(max-width: 148px) 100vw, 148px\" \/>\t\t\t\t\t\t\t\t\t\t\t\t\t\t\t<\/div>\n\t\t\t\t<\/div>\n\t\t\t\t<\/div>\n\t\t\t\t<\/div>\n\t\t\t\t<\/div>\n\t\t\t\t<\/div>\n\t\t<div class=\"elementor-element elementor-element-25a0caaa e-con-full e-flex e-con e-parent\" data-id=\"25a0caaa\" data-element_type=\"container\" data-e-type=\"container\">\n\t\t\t\t<div class=\"elementor-element elementor-element-656cc596 elementor-widget elementor-widget-text-editor\" data-id=\"656cc596\" data-element_type=\"widget\" data-e-type=\"widget\" data-widget_type=\"text-editor.default\">\n\t\t\t\t<div class=\"elementor-widget-container\"><div class=\"woocommerce\">\n<div class=\"woocommerce-notices-wrapper\"><\/div>\n<div class=\"wc-empty-cart-message\">\n<div class=\"cart-empty woocommerce-info\">\n\t\tCh\u01b0a c\u00f3 s\u1ea3n ph\u1ea9m n\u00e0o trong gi\u1ecf h\u00e0ng.\t<\/div>\n<\/div>\n<\/div><\/div>\n\t\t\t\t<\/div>\n\t\t\t\t<\/div>\t\t<\/div>\n\t\t","protected":false},"excerpt":{"rendered":"<p>Giao h\u00e0ng t\u1eadn n\u01a1i tr\u00ean 63 t\u1ec9nh\/th\u00e0nh H\u00e0ng ch\u00ednh h\u00e3ng \u0111\u1ea7y \u0111\u1ee7 CO, CQ B\u1ea3o h\u00e0nh ch\u00ednh h\u00e3ng, c\u00f3 k\u0129 thu\u1eadt \u0111\u1ebfn t\u1eadn nh\u00e0 B\u1ea3o h\u00e0nh tr\u00ean 63 t\u1ec9nh\/th\u00e0nh G\u1ecdi hotline 0825689315 Chat Zalo , Fanpage \u0111\u1ec3 \u0111\u1eb7t h\u00e0ng<\/p>\n","protected":false},"author":1,"featured_media":0,"parent":0,"menu_order":0,"comment_status":"closed","ping_status":"closed","template":"","meta":{"_kad_post_transparent":"","_kad_post_title":"","_kad_post_layout":"","_kad_post_sidebar_id":"","_kad_post_content_style":"","_kad_post_vertical_padding":"","_kad_post_feature":"","_kad_post_feature_position":"","_kad_post_header":false,"_kad_post_footer":false,"footnotes":""},"class_list":["post-860","page","type-page","status-publish","hentry"],"yoast_head":"<!-- This site is optimized with the Yoast SEO plugin v25.0 - https:\/\/yoast.com\/wordpress\/plugins\/seo\/ -->\n<title>Cart - greensolutionsvn.com<\/title>\n<meta name=\"robots\" content=\"index, follow, max-snippet:-1, max-image-preview:large, max-video-preview:-1\" \/>\n<link rel=\"canonical\" href=\"https:\/\/webcu.greensolutionsvn.com\/index.php\/cart\" \/>\n<meta property=\"og:locale\" content=\"vi_VN\" \/>\n<meta property=\"og:type\" content=\"article\" \/>\n<meta property=\"og:title\" content=\"Cart - greensolutionsvn.com\" \/>\n<meta property=\"og:description\" content=\"Giao h\u00e0ng t\u1eadn n\u01a1i tr\u00ean 63 t\u1ec9nh\/th\u00e0nh H\u00e0ng ch\u00ednh h\u00e3ng \u0111\u1ea7y \u0111\u1ee7 CO, CQ B\u1ea3o h\u00e0nh ch\u00ednh h\u00e3ng, c\u00f3 k\u0129 thu\u1eadt \u0111\u1ebfn t\u1eadn nh\u00e0 B\u1ea3o h\u00e0nh tr\u00ean 63 t\u1ec9nh\/th\u00e0nh G\u1ecdi hotline 0825689315 Chat Zalo , Fanpage \u0111\u1ec3 \u0111\u1eb7t h\u00e0ng\" \/>\n<meta property=\"og:url\" content=\"https:\/\/webcu.greensolutionsvn.com\/index.php\/cart\" \/>\n<meta property=\"og:site_name\" content=\"greensolutionsvn.com\" \/>\n<meta property=\"article:modified_time\" content=\"2025-04-07T04:19:06+00:00\" \/>\n<meta property=\"og:image\" content=\"https:\/\/webcu.greensolutionsvn.com\/wp-content\/uploads\/2025\/04\/Mesa-de-trabajo-1-1.png\" \/>\n\t<meta property=\"og:image:width\" content=\"147\" \/>\n\t<meta property=\"og:image:height\" content=\"154\" \/>\n\t<meta property=\"og:image:type\" content=\"image\/png\" \/>\n<meta name=\"twitter:card\" content=\"summary_large_image\" \/>\n<script type=\"application\/ld+json\" class=\"yoast-schema-graph\">{\"@context\":\"https:\/\/schema.org\",\"@graph\":[{\"@type\":\"WebPage\",\"@id\":\"https:\/\/webcu.greensolutionsvn.com\/index.php\/cart\",\"url\":\"https:\/\/webcu.greensolutionsvn.com\/index.php\/cart\",\"name\":\"Cart - greensolutionsvn.com\",\"isPartOf\":{\"@id\":\"https:\/\/webcu.greensolutionsvn.com\/#website\"},\"primaryImageOfPage\":{\"@id\":\"https:\/\/webcu.greensolutionsvn.com\/index.php\/cart#primaryimage\"},\"image\":{\"@id\":\"https:\/\/webcu.greensolutionsvn.com\/index.php\/cart#primaryimage\"},\"thumbnailUrl\":\"https:\/\/webcu.greensolutionsvn.com\/wp-content\/uploads\/2025\/04\/Mesa-de-trabajo-1-1-147x150.png\",\"datePublished\":\"2025-03-26T06:20:39+00:00\",\"dateModified\":\"2025-04-07T04:19:06+00:00\",\"breadcrumb\":{\"@id\":\"https:\/\/webcu.greensolutionsvn.com\/index.php\/cart#breadcrumb\"},\"inLanguage\":\"vi\",\"potentialAction\":[{\"@type\":\"ReadAction\",\"target\":[\"https:\/\/webcu.greensolutionsvn.com\/index.php\/cart\"]}]},{\"@type\":\"ImageObject\",\"inLanguage\":\"vi\",\"@id\":\"https:\/\/webcu.greensolutionsvn.com\/index.php\/cart#primaryimage\",\"url\":\"https:\/\/webcu.greensolutionsvn.com\/wp-content\/uploads\/2025\/04\/Mesa-de-trabajo-1-1.png\",\"contentUrl\":\"https:\/\/webcu.greensolutionsvn.com\/wp-content\/uploads\/2025\/04\/Mesa-de-trabajo-1-1.png\",\"width\":147,\"height\":154},{\"@type\":\"BreadcrumbList\",\"@id\":\"https:\/\/webcu.greensolutionsvn.com\/index.php\/cart#breadcrumb\",\"itemListElement\":[{\"@type\":\"ListItem\",\"position\":1,\"name\":\"Trang ch\u1ee7\",\"item\":\"https:\/\/webcu.greensolutionsvn.com\/\"},{\"@type\":\"ListItem\",\"position\":2,\"name\":\"Cart\"}]},{\"@type\":\"WebSite\",\"@id\":\"https:\/\/webcu.greensolutionsvn.com\/#website\",\"url\":\"https:\/\/webcu.greensolutionsvn.com\/\",\"name\":\"greensolutionsvn.com\",\"description\":\"GREEN SOLUTIONS VN l\u00e0 c\u00f4ng ty chuy\u00ean cung c\u1ea5p c\u00e1c gi\u1ea3i ph\u00e1p n\u01b0\u1edbc s\u1ea1ch to\u00e0n di\u1ec7n, bao g\u1ed3m thi\u1ebft b\u1ecb l\u1ecdc n\u01b0\u1edbc v\u00e0 m\u00e1y t\u1ea1o n\u01b0\u1edbc ion ki\u1ec1m. V\u1edbi m\u1ee5c ti\u00eau mang \u0111\u1ebfn ngu\u1ed3n n\u01b0\u1edbc ch\u1ea5t l\u01b0\u1ee3ng cao, an to\u00e0n cho s\u1ee9c kh\u1ecfe.\",\"publisher\":{\"@id\":\"https:\/\/webcu.greensolutionsvn.com\/#organization\"},\"potentialAction\":[{\"@type\":\"SearchAction\",\"target\":{\"@type\":\"EntryPoint\",\"urlTemplate\":\"https:\/\/webcu.greensolutionsvn.com\/?s={search_term_string}\"},\"query-input\":{\"@type\":\"PropertyValueSpecification\",\"valueRequired\":true,\"valueName\":\"search_term_string\"}}],\"inLanguage\":\"vi\"},{\"@type\":\"Organization\",\"@id\":\"https:\/\/webcu.greensolutionsvn.com\/#organization\",\"name\":\"greensolutionsvn.com\",\"url\":\"https:\/\/webcu.greensolutionsvn.com\/\",\"logo\":{\"@type\":\"ImageObject\",\"inLanguage\":\"vi\",\"@id\":\"https:\/\/webcu.greensolutionsvn.com\/#\/schema\/logo\/image\/\",\"url\":\"https:\/\/webcu.greensolutionsvn.com\/wp-content\/uploads\/2025\/03\/cropped-Artboard-1-2.png\",\"contentUrl\":\"https:\/\/webcu.greensolutionsvn.com\/wp-content\/uploads\/2025\/03\/cropped-Artboard-1-2.png\",\"width\":375,\"height\":375,\"caption\":\"greensolutionsvn.com\"},\"image\":{\"@id\":\"https:\/\/webcu.greensolutionsvn.com\/#\/schema\/logo\/image\/\"}}]}<\/script>\n<!-- \/ Yoast SEO plugin. -->","yoast_head_json":{"title":"Cart - greensolutionsvn.com","robots":{"index":"index","follow":"follow","max-snippet":"max-snippet:-1","max-image-preview":"max-image-preview:large","max-video-preview":"max-video-preview:-1"},"canonical":"https:\/\/webcu.greensolutionsvn.com\/index.php\/cart","og_locale":"vi_VN","og_type":"article","og_title":"Cart - greensolutionsvn.com","og_description":"Giao h\u00e0ng t\u1eadn n\u01a1i tr\u00ean 63 t\u1ec9nh\/th\u00e0nh H\u00e0ng ch\u00ednh h\u00e3ng \u0111\u1ea7y \u0111\u1ee7 CO, CQ B\u1ea3o h\u00e0nh ch\u00ednh h\u00e3ng, c\u00f3 k\u0129 thu\u1eadt \u0111\u1ebfn t\u1eadn nh\u00e0 B\u1ea3o h\u00e0nh tr\u00ean 63 t\u1ec9nh\/th\u00e0nh G\u1ecdi hotline 0825689315 Chat Zalo , Fanpage \u0111\u1ec3 \u0111\u1eb7t h\u00e0ng","og_url":"https:\/\/webcu.greensolutionsvn.com\/index.php\/cart","og_site_name":"greensolutionsvn.com","article_modified_time":"2025-04-07T04:19:06+00:00","og_image":[{"width":147,"height":154,"url":"https:\/\/webcu.greensolutionsvn.com\/wp-content\/uploads\/2025\/04\/Mesa-de-trabajo-1-1.png","type":"image\/png"}],"twitter_card":"summary_large_image","schema":{"@context":"https:\/\/schema.org","@graph":[{"@type":"WebPage","@id":"https:\/\/webcu.greensolutionsvn.com\/index.php\/cart","url":"https:\/\/webcu.greensolutionsvn.com\/index.php\/cart","name":"Cart - greensolutionsvn.com","isPartOf":{"@id":"https:\/\/webcu.greensolutionsvn.com\/#website"},"primaryImageOfPage":{"@id":"https:\/\/webcu.greensolutionsvn.com\/index.php\/cart#primaryimage"},"image":{"@id":"https:\/\/webcu.greensolutionsvn.com\/index.php\/cart#primaryimage"},"thumbnailUrl":"https:\/\/webcu.greensolutionsvn.com\/wp-content\/uploads\/2025\/04\/Mesa-de-trabajo-1-1-147x150.png","datePublished":"2025-03-26T06:20:39+00:00","dateModified":"2025-04-07T04:19:06+00:00","breadcrumb":{"@id":"https:\/\/webcu.greensolutionsvn.com\/index.php\/cart#breadcrumb"},"inLanguage":"vi","potentialAction":[{"@type":"ReadAction","target":["https:\/\/webcu.greensolutionsvn.com\/index.php\/cart"]}]},{"@type":"ImageObject","inLanguage":"vi","@id":"https:\/\/webcu.greensolutionsvn.com\/index.php\/cart#primaryimage","url":"https:\/\/webcu.greensolutionsvn.com\/wp-content\/uploads\/2025\/04\/Mesa-de-trabajo-1-1.png","contentUrl":"https:\/\/webcu.greensolutionsvn.com\/wp-content\/uploads\/2025\/04\/Mesa-de-trabajo-1-1.png","width":147,"height":154},{"@type":"BreadcrumbList","@id":"https:\/\/webcu.greensolutionsvn.com\/index.php\/cart#breadcrumb","itemListElement":[{"@type":"ListItem","position":1,"name":"Trang ch\u1ee7","item":"https:\/\/webcu.greensolutionsvn.com\/"},{"@type":"ListItem","position":2,"name":"Cart"}]},{"@type":"WebSite","@id":"https:\/\/webcu.greensolutionsvn.com\/#website","url":"https:\/\/webcu.greensolutionsvn.com\/","name":"greensolutionsvn.com","description":"GREEN SOLUTIONS VN l\u00e0 c\u00f4ng ty chuy\u00ean cung c\u1ea5p c\u00e1c gi\u1ea3i ph\u00e1p n\u01b0\u1edbc s\u1ea1ch to\u00e0n di\u1ec7n, bao g\u1ed3m thi\u1ebft b\u1ecb l\u1ecdc n\u01b0\u1edbc v\u00e0 m\u00e1y t\u1ea1o n\u01b0\u1edbc ion ki\u1ec1m. V\u1edbi m\u1ee5c ti\u00eau mang \u0111\u1ebfn ngu\u1ed3n n\u01b0\u1edbc ch\u1ea5t l\u01b0\u1ee3ng cao, an to\u00e0n cho s\u1ee9c kh\u1ecfe.","publisher":{"@id":"https:\/\/webcu.greensolutionsvn.com\/#organization"},"potentialAction":[{"@type":"SearchAction","target":{"@type":"EntryPoint","urlTemplate":"https:\/\/webcu.greensolutionsvn.com\/?s={search_term_string}"},"query-input":{"@type":"PropertyValueSpecification","valueRequired":true,"valueName":"search_term_string"}}],"inLanguage":"vi"},{"@type":"Organization","@id":"https:\/\/webcu.greensolutionsvn.com\/#organization","name":"greensolutionsvn.com","url":"https:\/\/webcu.greensolutionsvn.com\/","logo":{"@type":"ImageObject","inLanguage":"vi","@id":"https:\/\/webcu.greensolutionsvn.com\/#\/schema\/logo\/image\/","url":"https:\/\/webcu.greensolutionsvn.com\/wp-content\/uploads\/2025\/03\/cropped-Artboard-1-2.png","contentUrl":"https:\/\/webcu.greensolutionsvn.com\/wp-content\/uploads\/2025\/03\/cropped-Artboard-1-2.png","width":375,"height":375,"caption":"greensolutionsvn.com"},"image":{"@id":"https:\/\/webcu.greensolutionsvn.com\/#\/schema\/logo\/image\/"}}]}},"_links":{"self":[{"href":"https:\/\/webcu.greensolutionsvn.com\/index.php\/wp-json\/wp\/v2\/pages\/860","targetHints":{"allow":["GET"]}}],"collection":[{"href":"https:\/\/webcu.greensolutionsvn.com\/index.php\/wp-json\/wp\/v2\/pages"}],"about":[{"href":"https:\/\/webcu.greensolutionsvn.com\/index.php\/wp-json\/wp\/v2\/types\/page"}],"author":[{"embeddable":true,"href":"https:\/\/webcu.greensolutionsvn.com\/index.php\/wp-json\/wp\/v2\/users\/1"}],"replies":[{"embeddable":true,"href":"https:\/\/webcu.greensolutionsvn.com\/index.php\/wp-json\/wp\/v2\/comments?post=860"}],"version-history":[{"count":22,"href":"https:\/\/webcu.greensolutionsvn.com\/index.php\/wp-json\/wp\/v2\/pages\/860\/revisions"}],"predecessor-version":[{"id":1594,"href":"https:\/\/webcu.greensolutionsvn.com\/index.php\/wp-json\/wp\/v2\/pages\/860\/revisions\/1594"}],"wp:attachment":[{"href":"https:\/\/webcu.greensolutionsvn.com\/index.php\/wp-json\/wp\/v2\/media?parent=860"}],"curies":[{"name":"wp","href":"https:\/\/api.w.org\/{rel}","templated":true}]}}