{"id":1204,"date":"2025-04-02T15:09:43","date_gmt":"2025-04-02T08:09:43","guid":{"rendered":"https:\/\/webcu.greensolutionsvn.com\/?post_type=product&#038;p=1204"},"modified":"2025-07-08T15:29:44","modified_gmt":"2025-07-08T08:29:44","slug":"may-loc-nuoc-ro-nuoc-nguoi-eco-green","status":"publish","type":"product","link":"https:\/\/webcu.greensolutionsvn.com\/index.php\/san-pham\/may-loc-nuoc-ro-nuoc-nguoi-eco-green","title":{"rendered":"M\u00e1y l\u1ecdc n\u01b0\u1edbc RO n\u01b0\u1edbc ngu\u1ed9i Eco Green"},"content":{"rendered":"<p>M\u00e1y l\u1ecdc n\u01b0\u1edbc RO n\u01b0\u1edbc ngu\u1ed9i Eco Green l\u00e0 s\u1ef1 k\u1ebft h\u1ee3p ho\u00e0n h\u1ea3o c\u1ee7a thi\u1ebft k\u1ebf, m\u00e0u s\u1eafc hi\u1ec7n \u0111\u1ea1i v\u00e0 c\u00f4ng ngh\u1ec7 th\u1ea9m th\u1ea5u ng\u01b0\u1ee3c RO. Nh\u1edd \u0111\u00f3, ngu\u1ed3n n\u01b0\u1edbc u\u1ed1ng \u0111\u01b0\u1ee3c lo\u1ea1i b\u1ecf \u0111\u1ebfn 99,99% t\u1ea1p ch\u1ea5t, vi khu\u1ea9n, vi r\u00fat, b\u1ed5 sung kho\u00e1ng ch\u1ea5t c\u1ea7n thi\u1ebft, \u0111\u00e1p \u1ee9ng nhu c\u1ea7u \u0103n u\u1ed1ng, sinh ho\u1ea1t c\u1ee7a h\u1ea7u h\u1ebft gia \u0111\u00ecnh.<\/p>\n<p>M\u00e1y c\u00f3 thi\u1ebft k\u1ebf t\u1ee7 \u0111\u1ee9ng, 1 v\u00f2i ngu\u1ed9i v\u00e0 \u0111\u1eb7c bi\u1ec7t l\u00e0 kh\u1ea3 n\u0103ng x\u1eed l\u00fd t\u1ea5t c\u1ea3 c\u00e1c lo\u1ea1i ngu\u1ed3n n\u01b0\u1edbc \u0111\u1ea7u v\u00e0o: n\u01b0\u1edbc m\u00e1y, n\u01b0\u1edbc gi\u1ebfng,\u2026 Ph\u00f9 h\u1ee3p v\u1edbi gia \u0111\u00ecnh nhi\u1ec1u th\u00e0nh vi\u00ean.<\/p>\n<h3 class=\"wp-block-heading\"><strong>H\u1ec7 th\u1ed1ng 3 c\u1ea5p l\u1ecdc v\u1edbi 9 l\u00f5i l\u1ecdc<\/strong><\/h3>\n<h4 class=\"wp-block-heading\"><strong>L\u1ecdc th\u00f4<\/strong><\/h4>\n<ul class=\"wp-block-list\">\n<li>L\u00f5i PP: \u0111\u01b0\u1ee3c c\u1ea5u t\u1ea1o b\u1edfi s\u1ee3i b\u00f4ng x\u1ed1p c\u1ee7a nh\u1ef1a polyprolen \u0111\u01b0\u1ee3c n\u00e9n ch\u1eb7t. L\u1ecdc c\u00e1c t\u1ea1p ch\u1ea5t h\u1eefu c\u01a1, r\u1ec9 x\u00e9t, b\u00f9n \u0111\u1ea5t hay c\u00e1c ch\u1ea5t l\u01a1 l\u1eedng trong n\u01b0\u1edbc c\u00f3 k\u00edch th\u01b0\u1edbc l\u1edbn h\u01a1n 5 micron.<\/li>\n<li>L\u00f5i OCB: \u0111\u01b0\u1ee3c c\u1ea5u t\u1ea1o b\u1edfi v\u1ecf nh\u1ef1a b\u00ean ngo\u00e0i, than g\u00e1o d\u1eeba \u0111\u01b0\u1ee3c ho\u1ea1t h\u00f3a b\u00ean trong. Than ho\u1ea1t t\u00ednh c\u00f3 t\u00ednh c\u1ea5u tr\u00fac x\u1ed1p r\u1ed7ng, c\u00e1c v\u1ebft r\u1ed7ng \u2013 n\u1ee9t vi m\u1ea1ch \u0111\u1ec1u c\u00f3 t\u00ednh h\u1ea5p th\u1ee5 r\u1ea5t m\u1ea1nh c\u00e1c lo\u1ea1i ch\u1ea5t nh\u1eddn, m\u00f9i v\u00e0 h\u1eefu c\u01a1 h\u00f2a tan. Than ho\u1ea1t t\u00ednh c\u00f2n hi\u1ec7u qu\u1ea3 trong x\u1eed l\u00fd ch\u1ea5t ph\u00f3ng x\u1ea1, asen v\u00e0 amoni.<\/li>\n<li>L\u00f5i ceramic: l\u1ecdc c\u00e1c ch\u1ea5t r\u1eafn h\u00f2a tan trong n\u01b0\u1edbc, c\u00e1c ion kim lo\u1ea1i, vi khu\u1ea9n, vi sinh v\u1eadt, gi\u00fap t\u0103ng ch\u1ea5t l\u01b0\u1ee3ng ngu\u1ed3n n\u01b0\u1edbc tinh khi\u1ebft.<\/li>\n<\/ul>\n<h4 class=\"wp-block-heading\"><strong>L\u1ecdc RO<\/strong><\/h4>\n<p>M\u00e0ng l\u1ecdc RO c\u00f3 k\u00edch th\u01b0\u1edbc khe l\u1ecdc 0,0001-0.0005 micron, lo\u1ea1i b\u1ecf 99,99% vi khu\u1ea9n, vi r\u00fat, h\u00f3a ch\u1ea5t \u0111\u1ed9c h\u1ea1i nh\u01b0 thu\u1ed1c tr\u1eeb s\u00e2u, kim lo\u1ea1i n\u1eb7ng c\u00f3 trong n\u01b0\u1edbc.<\/p>\n<h4 class=\"wp-block-heading\"><strong>L\u1ecdc b\u00f9 kho\u00e1ng v\u00e0 di\u1ec7t khu\u1ea9n<\/strong><\/h4>\n<ul class=\"wp-block-list\">\n<li>L\u00f5i cacbon than ho\u1ea1t t\u00ednh: \u0111\u01b0\u1ee3c c\u1ea5u t\u1ea1o t\u1eeb than ho\u1ea1t t\u00ednh gi\u00fap \u1ed5n \u0111\u1ecbnh l\u1ea1i v\u1ecb ng\u1ecdt m\u00e1t t\u1ef1 nhi\u00ean c\u1ee7a n\u01b0\u1edbc, c\u00e2n b\u1eb1ng pH.<\/li>\n<li>L\u00f5i nano silver: t\u0103ng c\u01b0\u1eddng di\u1ec7t khu\u1ea9n t\u1ee9c th\u1eddi nhanh g\u1ea5p 5 l\u1ea7n, kh\u1ea3 n\u0103ng di\u1ec7t 99,99% vi khu\u1ea9n. \u0110\u1eb7c bi\u1ec7t, b\u1ed5 sung vi l\u01b0\u1ee3ng Nano b\u1ea1c \u0111\u1ec3 b\u00f9 kho\u00e1ng cho c\u01a1 th\u1ec3.<\/li>\n<li>L\u00f5i ankaline: b\u1ed5 sung th\u00eam ca\u0301c vi khoa\u0301ng ch\u1ea5t c\u00e2\u0300n thi\u00ea\u0301t nh\u1ea5t cho c\u01a1 th\u1ec3, c\u00e2n b\u1eb1ng \u0111\u1ed9 pH v\u00e0 l\u00e0m n\u01b0\u1edbc c\u00f3 v\u1ecb ngon h\u01a1n.<\/li>\n<li>L\u00f5i \u0111\u00e1 kho\u00e1ng: b\u1ed5 sung kho\u00e1ng ch\u1ea5t c\u00f3 \u00edch c\u1ea7n thi\u1ebft cho c\u01a1 th\u1ec3 con ng\u01b0\u1eddi. N\u00e2ng cao pH, gi\u00fap trung h\u00f2a axit d\u01b0 l\u00e0m c\u01a1 th\u1ec3 kh\u1ecfe h\u01a1n. L\u00e0m v\u1ecb n\u01b0\u1edbc ngon h\u01a1n.<\/li>\n<li>L\u00f5i than g\u00e1o d\u1eeba: h\u1ea5p th\u1ee5 m\u1ea1nh m\u1ebd c\u00e1c ph\u00e2n t\u1eed h\u1eefu c\u01a1 h\u00f2a tan, kh\u1eed m\u00f9i v\u00e0 v\u1ecb.<\/li>\n<\/ul>\n<h3 class=\"wp-block-heading\"><strong>\u0110\u1eb7c \u0111i\u1ec3m n\u1ed5i b\u1eadt c\u1ee7a n\u01b0\u1edbc tinh khi\u1ebft RO<\/strong><\/h3>\n<p>N\u01b0\u1edbc tinh khi\u1ebft RO lo\u1ea1i b\u1ecf g\u1ea7n nh\u01b0 ho\u00e0n to\u00e0n m\u1ecdi t\u1ea1p ch\u1ea5t, vi khu\u1ea9n, vi r\u00fat, kim lo\u1ea1i n\u1eb7ng, an to\u00e0n cho s\u1ee9c kh\u1ecfe. Nh\u1edd s\u1eed d\u1ee5ng l\u00f5i than ho\u1ea1t t\u00ednh, n\u01b0\u1edbc s\u1ebd \u0111\u01b0\u1ee3c kh\u1eed m\u00e0u v\u00e0 m\u00f9i h\u00f4i c\u00f3 trong n\u01b0\u1edbc \u0111\u1ea7u v\u00e0o. B\u00ean c\u1ea1nh \u0111\u00f3, l\u00f5i Ankaline c\u00f2n b\u1ed5 sung vi kho\u00e1ng t\u1ed1t cho s\u1ee9c kho\u1ebb, g\u00f3p ph\u1ea7n ng\u0103n ch\u1eb7n v\u00e0 ph\u00f2ng ch\u1ed1ng l\u00e3o ho\u00e1 c\u1ee7a c\u01a1 th\u1ec3, b\u1ec7nh gout, tim m\u1ea1ch, ti\u1ec3u \u0111\u01b0\u1eddng.<\/p>\n<h4 class=\"wp-block-heading\"><strong>\u0110\u1ea1t chu\u1ea9n qu\u1ed1c t\u1ebf ISO<\/strong><\/h4>\n<p>M\u00e1y l\u1ecdc n\u01b0\u1edbc RO n\u01b0\u1edbc ngu\u1ed9i Eco Green \u0111\u00e3 ch\u1ee9ng minh ch\u1ea5t l\u01b0\u1ee3ng v\u00e0 nh\u1eadn \u0111\u01b0\u1ee3c s\u1ef1 c\u00f4ng nh\u1eadn tr\u00ean to\u00e0n th\u1ebf gi\u1edbi th\u00f4ng qua vi\u1ec7c \u0111\u1ea1t \u0111\u01b0\u1ee3c c\u00e1c ti\u00eau chu\u1ea9n nghi\u00eam ng\u1eb7t t\u1eeb T\u1ed5 ch\u1ee9c Ti\u00eau chu\u1ea9n h\u00f3a Qu\u1ed1c t\u1ebf ISO. C\u1ee5 th\u1ec3, v\u1edbi ti\u00eau chu\u1ea9n ISO 9001:2015, Eco Green \u0111\u1ea3m b\u1ea3o ch\u1ea5t l\u01b0\u1ee3ng s\u1ea3n ph\u1ea9m \u1ed5n \u0111\u1ecbnh \u0111\u00e1p \u1ee9ng y\u00eau c\u1ea7u lu\u1eadt \u0111\u1ecbnh v\u00e0 quy \u0111\u1ecbnh hi\u1ec7n h\u00e0nh. B\u00ean c\u1ea1nh \u0111\u00f3, Eco Green kh\u1eb3ng \u0111\u1ecbnh cam k\u1ebft ki\u1ec3m so\u00e1t ch\u1eb7t ch\u1ebd qu\u00e1 tr\u00ecnh s\u1ea3n xu\u1ea5t v\u00e0 gi\u1ea3m thi\u1ec3u t\u00e1c \u0111\u1ed9ng ti\u00eau c\u1ef1c \u0111\u1ebfn m\u00f4i tr\u01b0\u1eddng th\u00f4ng qua ti\u00eau chu\u1ea9n ISO 14001:2015.<\/p>\n<h4 class=\"wp-block-heading\"><strong>Quy chu\u1ea9n k\u1ef9 thu\u1eadt Vi\u1ec7t Nam<\/strong><\/h4>\n<p>M\u00e1y l\u1ecdc n\u01b0\u1edbc RO n\u01b0\u1edbc ngu\u1ed9i Eco Green \u0111\u00e3 v\u01b0\u1ee3t qua nh\u1eefng ti\u00eau ch\u00ed kh\u1eaft khe \u0111\u1ec3 ch\u1ee9ng minh s\u1ea3n ph\u1ea9m ph\u00f9 h\u1ee3p v\u1edbi \u0111\u1eb7c \u0111i\u1ec3m c\u1ee7a ngu\u1ed3n n\u01b0\u1edbc t\u1ea1i Vi\u1ec7t Nam. S\u1ea3n ph\u1ea9m \u0111\u1ea1t quy chu\u1ea9n qu\u1ed1c gia QCVN 6-1:2010\/BYT d\u00e0nh cho n\u01b0\u1edbc u\u1ed1ng tr\u1ef1c ti\u1ebfp, bao g\u1ed3m 21 ch\u1ec9 ti\u00eau h\u00f3a l\u00fd (arsen, ch\u00ec, th\u1ee7y ng\u00e2n, mangan, nitrat, nitric,\u2026), 5 ch\u1ec9 ti\u00eau vi sinh (E. Coli, coliform,\u2026) \u0111\u1ea3m b\u1ea3o n\u01b0\u1edbc s\u1ea1ch \u0111\u1ea1t ti\u00eau chu\u1ea9n cao nh\u1ea5t, c\u00f3 th\u1ec3 u\u1ed1ng tr\u1ef1c ti\u1ebfp ngay t\u1ea1i v\u00f2i. Ngo\u00e0i ra, s\u1ea3n ph\u1ea9m c\u00f2n \u0111\u00e1p \u1ee9ng c\u00e1c quy \u0111\u1ecbnh v\u1ec1 v\u1ec7 sinh an to\u00e0n th\u1ef1c ph\u1ea9m QCVN 12:1:2011\/BYT v\u1ec1 ch\u1ea5t l\u01b0\u1ee3ng n\u01b0\u1edbc \u0103n u\u1ed1ng, sinh ho\u1ea1t c\u1ee7a ng\u01b0\u1eddi ti\u00eau d\u00f9ng. V\u1edbi quy chu\u1ea9n QCVN 4:2009\/BKHCN, m\u00e1y l\u1ecdc n\u01b0\u1edbc RO n\u00f3ng ngu\u1ed9i Eco Green \u0111\u1ea3m b\u1ea3o an to\u00e0n \u0111i\u1ec7n cho ng\u01b0\u1eddi s\u1eed d\u1ee5ng.<\/p>\n","protected":false},"excerpt":{"rendered":"<p>M\u00e1y l\u1ecdc n\u01b0\u1edbc RO n\u01b0\u1edbc ngu\u1ed9i Eco Green lo\u1ea1i b\u1ecf t\u1ea1p ch\u1ea5t, vi khu\u1ea9n, vi r\u00fat, kim lo\u1ea1i n\u1eb7ng mang \u0111\u1ebfn ngu\u1ed3n n\u01b0\u1edbc tinh khi\u1ebft, an to\u00e0n cho s\u1ee9c kh\u1ecfe c\u1ee7a c\u1ea3 gia \u0111\u00ecnh.<\/p>\n","protected":false},"featured_media":2097,"comment_status":"open","ping_status":"closed","template":"","meta":{"_kad_post_transparent":"disable","_kad_post_title":"","_kad_post_layout":"fullwidth","_kad_post_sidebar_id":"","_kad_post_content_style":"unboxed","_kad_post_vertical_padding":"default","_kad_post_feature":"","_kad_post_feature_position":"","_kad_post_header":false,"_kad_post_footer":false},"product_brand":[],"product_cat":[45,51],"product_tag":[],"class_list":{"0":"post-1204","1":"product","2":"type-product","3":"status-publish","4":"has-post-thumbnail","6":"product_cat-may-loc-nuoc-ro","7":"product_cat-may-loc-nuoc-ro-dan-dung","9":"first","10":"instock","11":"shipping-taxable","12":"purchasable","13":"product-type-simple","14":"entry","15":"content-bg","16":"loop-entry"},"yoast_head":"<!-- This site is optimized with the Yoast SEO plugin v25.0 - https:\/\/yoast.com\/wordpress\/plugins\/seo\/ -->\n<title>M\u00e1y l\u1ecdc n\u01b0\u1edbc RO n\u01b0\u1edbc ngu\u1ed9i Eco Green - greensolutionsvn.com<\/title>\n<meta name=\"robots\" content=\"index, follow, max-snippet:-1, max-image-preview:large, max-video-preview:-1\" \/>\n<link rel=\"canonical\" href=\"https:\/\/webcu.greensolutionsvn.com\/index.php\/san-pham\/may-loc-nuoc-ro-nuoc-nguoi-eco-green\" \/>\n<meta property=\"og:locale\" content=\"vi_VN\" \/>\n<meta property=\"og:type\" content=\"article\" \/>\n<meta property=\"og:title\" content=\"M\u00e1y l\u1ecdc n\u01b0\u1edbc RO n\u01b0\u1edbc ngu\u1ed9i Eco Green - greensolutionsvn.com\" \/>\n<meta property=\"og:description\" content=\"M\u00e1y l\u1ecdc n\u01b0\u1edbc RO n\u01b0\u1edbc ngu\u1ed9i Eco Green lo\u1ea1i b\u1ecf t\u1ea1p ch\u1ea5t, vi khu\u1ea9n, vi r\u00fat, kim lo\u1ea1i n\u1eb7ng mang \u0111\u1ebfn ngu\u1ed3n n\u01b0\u1edbc tinh khi\u1ebft, an to\u00e0n cho s\u1ee9c kh\u1ecfe c\u1ee7a c\u1ea3 gia \u0111\u00ecnh.\" \/>\n<meta property=\"og:url\" content=\"https:\/\/webcu.greensolutionsvn.com\/index.php\/san-pham\/may-loc-nuoc-ro-nuoc-nguoi-eco-green\" \/>\n<meta property=\"og:site_name\" content=\"greensolutionsvn.com\" \/>\n<meta property=\"article:modified_time\" content=\"2025-07-08T08:29:44+00:00\" \/>\n<meta property=\"og:image\" content=\"https:\/\/webcu.greensolutionsvn.com\/wp-content\/uploads\/2025\/04\/33.png\" \/>\n\t<meta property=\"og:image:width\" content=\"1000\" \/>\n\t<meta property=\"og:image:height\" content=\"1000\" \/>\n\t<meta property=\"og:image:type\" content=\"image\/png\" \/>\n<meta name=\"twitter:card\" content=\"summary_large_image\" \/>\n<meta name=\"twitter:label1\" content=\"\u01af\u1edbc t\u00ednh th\u1eddi gian \u0111\u1ecdc\" \/>\n\t<meta name=\"twitter:data1\" content=\"5 ph\u00fat\" \/>\n<script type=\"application\/ld+json\" class=\"yoast-schema-graph\">{\"@context\":\"https:\/\/schema.org\",\"@graph\":[{\"@type\":\"WebPage\",\"@id\":\"https:\/\/webcu.greensolutionsvn.com\/index.php\/san-pham\/may-loc-nuoc-ro-nuoc-nguoi-eco-green\",\"url\":\"https:\/\/webcu.greensolutionsvn.com\/index.php\/san-pham\/may-loc-nuoc-ro-nuoc-nguoi-eco-green\",\"name\":\"M\u00e1y l\u1ecdc n\u01b0\u1edbc RO n\u01b0\u1edbc ngu\u1ed9i Eco Green - greensolutionsvn.com\",\"isPartOf\":{\"@id\":\"https:\/\/webcu.greensolutionsvn.com\/#website\"},\"primaryImageOfPage\":{\"@id\":\"https:\/\/webcu.greensolutionsvn.com\/index.php\/san-pham\/may-loc-nuoc-ro-nuoc-nguoi-eco-green#primaryimage\"},\"image\":{\"@id\":\"https:\/\/webcu.greensolutionsvn.com\/index.php\/san-pham\/may-loc-nuoc-ro-nuoc-nguoi-eco-green#primaryimage\"},\"thumbnailUrl\":\"https:\/\/webcu.greensolutionsvn.com\/wp-content\/uploads\/2025\/04\/33.png\",\"datePublished\":\"2025-04-02T08:09:43+00:00\",\"dateModified\":\"2025-07-08T08:29:44+00:00\",\"breadcrumb\":{\"@id\":\"https:\/\/webcu.greensolutionsvn.com\/index.php\/san-pham\/may-loc-nuoc-ro-nuoc-nguoi-eco-green#breadcrumb\"},\"inLanguage\":\"vi\",\"potentialAction\":[{\"@type\":\"ReadAction\",\"target\":[\"https:\/\/webcu.greensolutionsvn.com\/index.php\/san-pham\/may-loc-nuoc-ro-nuoc-nguoi-eco-green\"]}]},{\"@type\":\"ImageObject\",\"inLanguage\":\"vi\",\"@id\":\"https:\/\/webcu.greensolutionsvn.com\/index.php\/san-pham\/may-loc-nuoc-ro-nuoc-nguoi-eco-green#primaryimage\",\"url\":\"https:\/\/webcu.greensolutionsvn.com\/wp-content\/uploads\/2025\/04\/33.png\",\"contentUrl\":\"https:\/\/webcu.greensolutionsvn.com\/wp-content\/uploads\/2025\/04\/33.png\",\"width\":1000,\"height\":1000},{\"@type\":\"BreadcrumbList\",\"@id\":\"https:\/\/webcu.greensolutionsvn.com\/index.php\/san-pham\/may-loc-nuoc-ro-nuoc-nguoi-eco-green#breadcrumb\",\"itemListElement\":[{\"@type\":\"ListItem\",\"position\":1,\"name\":\"Trang ch\u1ee7\",\"item\":\"https:\/\/webcu.greensolutionsvn.com\/\"},{\"@type\":\"ListItem\",\"position\":2,\"name\":\"S\u1ea3n ph\u1ea9m\",\"item\":\"https:\/\/webcu.greensolutionsvn.com\/index.php\/shop\"},{\"@type\":\"ListItem\",\"position\":3,\"name\":\"M\u00e1y l\u1ecdc n\u01b0\u1edbc RO n\u01b0\u1edbc ngu\u1ed9i Eco Green\"}]},{\"@type\":\"WebSite\",\"@id\":\"https:\/\/webcu.greensolutionsvn.com\/#website\",\"url\":\"https:\/\/webcu.greensolutionsvn.com\/\",\"name\":\"greensolutionsvn.com\",\"description\":\"GREEN SOLUTIONS VN l\u00e0 c\u00f4ng ty chuy\u00ean cung c\u1ea5p c\u00e1c gi\u1ea3i ph\u00e1p n\u01b0\u1edbc s\u1ea1ch to\u00e0n di\u1ec7n, bao g\u1ed3m thi\u1ebft b\u1ecb l\u1ecdc n\u01b0\u1edbc v\u00e0 m\u00e1y t\u1ea1o n\u01b0\u1edbc ion ki\u1ec1m. V\u1edbi m\u1ee5c ti\u00eau mang \u0111\u1ebfn ngu\u1ed3n n\u01b0\u1edbc ch\u1ea5t l\u01b0\u1ee3ng cao, an to\u00e0n cho s\u1ee9c kh\u1ecfe.\",\"publisher\":{\"@id\":\"https:\/\/webcu.greensolutionsvn.com\/#organization\"},\"potentialAction\":[{\"@type\":\"SearchAction\",\"target\":{\"@type\":\"EntryPoint\",\"urlTemplate\":\"https:\/\/webcu.greensolutionsvn.com\/?s={search_term_string}\"},\"query-input\":{\"@type\":\"PropertyValueSpecification\",\"valueRequired\":true,\"valueName\":\"search_term_string\"}}],\"inLanguage\":\"vi\"},{\"@type\":\"Organization\",\"@id\":\"https:\/\/webcu.greensolutionsvn.com\/#organization\",\"name\":\"greensolutionsvn.com\",\"url\":\"https:\/\/webcu.greensolutionsvn.com\/\",\"logo\":{\"@type\":\"ImageObject\",\"inLanguage\":\"vi\",\"@id\":\"https:\/\/webcu.greensolutionsvn.com\/#\/schema\/logo\/image\/\",\"url\":\"https:\/\/webcu.greensolutionsvn.com\/wp-content\/uploads\/2025\/03\/cropped-Artboard-1-2.png\",\"contentUrl\":\"https:\/\/webcu.greensolutionsvn.com\/wp-content\/uploads\/2025\/03\/cropped-Artboard-1-2.png\",\"width\":375,\"height\":375,\"caption\":\"greensolutionsvn.com\"},\"image\":{\"@id\":\"https:\/\/webcu.greensolutionsvn.com\/#\/schema\/logo\/image\/\"}}]}<\/script>\n<!-- \/ Yoast SEO plugin. -->","yoast_head_json":{"title":"M\u00e1y l\u1ecdc n\u01b0\u1edbc RO n\u01b0\u1edbc ngu\u1ed9i Eco Green - greensolutionsvn.com","robots":{"index":"index","follow":"follow","max-snippet":"max-snippet:-1","max-image-preview":"max-image-preview:large","max-video-preview":"max-video-preview:-1"},"canonical":"https:\/\/webcu.greensolutionsvn.com\/index.php\/san-pham\/may-loc-nuoc-ro-nuoc-nguoi-eco-green","og_locale":"vi_VN","og_type":"article","og_title":"M\u00e1y l\u1ecdc n\u01b0\u1edbc RO n\u01b0\u1edbc ngu\u1ed9i Eco Green - greensolutionsvn.com","og_description":"M\u00e1y l\u1ecdc n\u01b0\u1edbc RO n\u01b0\u1edbc ngu\u1ed9i Eco Green lo\u1ea1i b\u1ecf t\u1ea1p ch\u1ea5t, vi khu\u1ea9n, vi r\u00fat, kim lo\u1ea1i n\u1eb7ng mang \u0111\u1ebfn ngu\u1ed3n n\u01b0\u1edbc tinh khi\u1ebft, an to\u00e0n cho s\u1ee9c kh\u1ecfe c\u1ee7a c\u1ea3 gia \u0111\u00ecnh.","og_url":"https:\/\/webcu.greensolutionsvn.com\/index.php\/san-pham\/may-loc-nuoc-ro-nuoc-nguoi-eco-green","og_site_name":"greensolutionsvn.com","article_modified_time":"2025-07-08T08:29:44+00:00","og_image":[{"width":1000,"height":1000,"url":"https:\/\/webcu.greensolutionsvn.com\/wp-content\/uploads\/2025\/04\/33.png","type":"image\/png"}],"twitter_card":"summary_large_image","twitter_misc":{"\u01af\u1edbc t\u00ednh th\u1eddi gian \u0111\u1ecdc":"5 ph\u00fat"},"schema":{"@context":"https:\/\/schema.org","@graph":[{"@type":"WebPage","@id":"https:\/\/webcu.greensolutionsvn.com\/index.php\/san-pham\/may-loc-nuoc-ro-nuoc-nguoi-eco-green","url":"https:\/\/webcu.greensolutionsvn.com\/index.php\/san-pham\/may-loc-nuoc-ro-nuoc-nguoi-eco-green","name":"M\u00e1y l\u1ecdc n\u01b0\u1edbc RO n\u01b0\u1edbc ngu\u1ed9i Eco Green - greensolutionsvn.com","isPartOf":{"@id":"https:\/\/webcu.greensolutionsvn.com\/#website"},"primaryImageOfPage":{"@id":"https:\/\/webcu.greensolutionsvn.com\/index.php\/san-pham\/may-loc-nuoc-ro-nuoc-nguoi-eco-green#primaryimage"},"image":{"@id":"https:\/\/webcu.greensolutionsvn.com\/index.php\/san-pham\/may-loc-nuoc-ro-nuoc-nguoi-eco-green#primaryimage"},"thumbnailUrl":"https:\/\/webcu.greensolutionsvn.com\/wp-content\/uploads\/2025\/04\/33.png","datePublished":"2025-04-02T08:09:43+00:00","dateModified":"2025-07-08T08:29:44+00:00","breadcrumb":{"@id":"https:\/\/webcu.greensolutionsvn.com\/index.php\/san-pham\/may-loc-nuoc-ro-nuoc-nguoi-eco-green#breadcrumb"},"inLanguage":"vi","potentialAction":[{"@type":"ReadAction","target":["https:\/\/webcu.greensolutionsvn.com\/index.php\/san-pham\/may-loc-nuoc-ro-nuoc-nguoi-eco-green"]}]},{"@type":"ImageObject","inLanguage":"vi","@id":"https:\/\/webcu.greensolutionsvn.com\/index.php\/san-pham\/may-loc-nuoc-ro-nuoc-nguoi-eco-green#primaryimage","url":"https:\/\/webcu.greensolutionsvn.com\/wp-content\/uploads\/2025\/04\/33.png","contentUrl":"https:\/\/webcu.greensolutionsvn.com\/wp-content\/uploads\/2025\/04\/33.png","width":1000,"height":1000},{"@type":"BreadcrumbList","@id":"https:\/\/webcu.greensolutionsvn.com\/index.php\/san-pham\/may-loc-nuoc-ro-nuoc-nguoi-eco-green#breadcrumb","itemListElement":[{"@type":"ListItem","position":1,"name":"Trang ch\u1ee7","item":"https:\/\/webcu.greensolutionsvn.com\/"},{"@type":"ListItem","position":2,"name":"S\u1ea3n ph\u1ea9m","item":"https:\/\/webcu.greensolutionsvn.com\/index.php\/shop"},{"@type":"ListItem","position":3,"name":"M\u00e1y l\u1ecdc n\u01b0\u1edbc RO n\u01b0\u1edbc ngu\u1ed9i Eco Green"}]},{"@type":"WebSite","@id":"https:\/\/webcu.greensolutionsvn.com\/#website","url":"https:\/\/webcu.greensolutionsvn.com\/","name":"greensolutionsvn.com","description":"GREEN SOLUTIONS VN l\u00e0 c\u00f4ng ty chuy\u00ean cung c\u1ea5p c\u00e1c gi\u1ea3i ph\u00e1p n\u01b0\u1edbc s\u1ea1ch to\u00e0n di\u1ec7n, bao g\u1ed3m thi\u1ebft b\u1ecb l\u1ecdc n\u01b0\u1edbc v\u00e0 m\u00e1y t\u1ea1o n\u01b0\u1edbc ion ki\u1ec1m. V\u1edbi m\u1ee5c ti\u00eau mang \u0111\u1ebfn ngu\u1ed3n n\u01b0\u1edbc ch\u1ea5t l\u01b0\u1ee3ng cao, an to\u00e0n cho s\u1ee9c kh\u1ecfe.","publisher":{"@id":"https:\/\/webcu.greensolutionsvn.com\/#organization"},"potentialAction":[{"@type":"SearchAction","target":{"@type":"EntryPoint","urlTemplate":"https:\/\/webcu.greensolutionsvn.com\/?s={search_term_string}"},"query-input":{"@type":"PropertyValueSpecification","valueRequired":true,"valueName":"search_term_string"}}],"inLanguage":"vi"},{"@type":"Organization","@id":"https:\/\/webcu.greensolutionsvn.com\/#organization","name":"greensolutionsvn.com","url":"https:\/\/webcu.greensolutionsvn.com\/","logo":{"@type":"ImageObject","inLanguage":"vi","@id":"https:\/\/webcu.greensolutionsvn.com\/#\/schema\/logo\/image\/","url":"https:\/\/webcu.greensolutionsvn.com\/wp-content\/uploads\/2025\/03\/cropped-Artboard-1-2.png","contentUrl":"https:\/\/webcu.greensolutionsvn.com\/wp-content\/uploads\/2025\/03\/cropped-Artboard-1-2.png","width":375,"height":375,"caption":"greensolutionsvn.com"},"image":{"@id":"https:\/\/webcu.greensolutionsvn.com\/#\/schema\/logo\/image\/"}}]}},"_links":{"self":[{"href":"https:\/\/webcu.greensolutionsvn.com\/index.php\/wp-json\/wp\/v2\/product\/1204","targetHints":{"allow":["GET"]}}],"collection":[{"href":"https:\/\/webcu.greensolutionsvn.com\/index.php\/wp-json\/wp\/v2\/product"}],"about":[{"href":"https:\/\/webcu.greensolutionsvn.com\/index.php\/wp-json\/wp\/v2\/types\/product"}],"replies":[{"embeddable":true,"href":"https:\/\/webcu.greensolutionsvn.com\/index.php\/wp-json\/wp\/v2\/comments?post=1204"}],"wp:featuredmedia":[{"embeddable":true,"href":"https:\/\/webcu.greensolutionsvn.com\/index.php\/wp-json\/wp\/v2\/media\/2097"}],"wp:attachment":[{"href":"https:\/\/webcu.greensolutionsvn.com\/index.php\/wp-json\/wp\/v2\/media?parent=1204"}],"wp:term":[{"taxonomy":"product_brand","embeddable":true,"href":"https:\/\/webcu.greensolutionsvn.com\/index.php\/wp-json\/wp\/v2\/product_brand?post=1204"},{"taxonomy":"product_cat","embeddable":true,"href":"https:\/\/webcu.greensolutionsvn.com\/index.php\/wp-json\/wp\/v2\/product_cat?post=1204"},{"taxonomy":"product_tag","embeddable":true,"href":"https:\/\/webcu.greensolutionsvn.com\/index.php\/wp-json\/wp\/v2\/product_tag?post=1204"}],"curies":[{"name":"wp","href":"https:\/\/api.w.org\/{rel}","templated":true}]}}