{"id":1916,"date":"2025-05-11T17:47:20","date_gmt":"2025-05-11T10:47:20","guid":{"rendered":"https:\/\/webcu.greensolutionsvn.com\/?post_type=product&#038;p=1916"},"modified":"2025-07-08T16:37:12","modified_gmt":"2025-07-08T09:37:12","slug":"binh-tao-nuoc-ion-kiem-eco-green","status":"publish","type":"product","link":"https:\/\/webcu.greensolutionsvn.com\/index.php\/san-pham\/binh-tao-nuoc-ion-kiem-eco-green","title":{"rendered":"B\u00ecnh t\u1ea1o n\u01b0\u1edbc di \u0111\u1ed9ng gi\u00e0u hydrogen Eco Green"},"content":{"rendered":"<p data-pm-slice=\"0 0 []\">\u1ee8ng d\u1ee5ng c\u00f4ng ngh\u1ec7 \u0111i\u1ec7n ph\u00e2n ti\u00ean ti\u1ebfn, t\u1ea1o n\u01b0\u1edbc gi\u00e0u hydrogen gi\u00fap trung h\u00f2a c\u00e1c g\u1ed1c t\u1ef1 do, h\u1ed7 tr\u1ee3 t\u0103ng c\u01b0\u1eddng s\u1ee9c kh\u1ecfe v\u00e0 l\u00e0m ch\u1eadm qu\u00e1 tr\u00ecnh l\u00e3o h\u00f3a<\/p>\n<ul>\n<li>L\u00e0m ch\u1eadm qu\u00e1 tr\u00ecnh l\u00e3o h\u00f3a<\/li>\n<li>Gi\u1ea3m stress, t\u0103ng c\u01b0\u1eddng tr\u00ed nh\u1edb<\/li>\n<li>Thanh l\u1ecdc c\u01a1 th\u1ec3 t\u0103ng c\u01b0\u1eddng s\u1ee9c \u0111\u1ec1 kh\u00e1ng<\/li>\n<\/ul>\n<p>B\u1ea1n \u0111\u1ed3ng h\u00e0nh Cho m\u1ecdi h\u00e0nh tr\u00ecnh s\u1ed1ng kh\u1ecfe<\/p>\n<ul>\n<li>T\u1ea1o n\u01b0\u1edbc hydrogen ch\u1ec9 trong v\u00e0i ph\u00fat<\/li>\n<li>Nh\u1ecf g\u1ecdn ti\u1ec7n mang theo m\u1ecdi n\u01a1i<\/li>\n<li>S\u1ea1c pin ti\u1ec7n l\u1ee3i &#8211; ti\u1ebft ki\u1ec7m chi ph\u00ed<\/li>\n<li>An to\u00e0n &#8211; kh\u00f4ng BPA &#8211; b\u1ea3o v\u1ec7 ng\u01b0\u1eddi d\u00f9ng<\/li>\n<\/ul>\n<ol start=\"1\">\n<li>T\u00ednh n\u0103ng: 2 ch\u1ebf \u0111\u1ed9 n\u01b0\u1edbc Hdrogen<\/li>\n<li>N\u1ed3ng \u0111\u1ed9 Hydrogen: 700 \u0111\u1ebfn 1400 ppb<\/li>\n<li>Ch\u1ec9 s\u1ed1 ORP: -320 \u0111\u1ebfn -450 mv<\/li>\n<li>Dung t\u00edch: 250 ml<\/li>\n<li>Tr\u1ecdng l\u01b0\u1ee3ng: 195 g<\/li>\n<li>K\u00edch th\u01b0\u1edbc: 60 x 200 mm<\/li>\n<li>Pin s\u1ea1c: Lithium Ion 1500mAh<\/li>\n<li>D\u00e2y s\u1ea1c: USB Type C<\/li>\n<\/ol>\n<p>&nbsp;<\/p>\n","protected":false},"excerpt":{"rendered":"<p>\u1ee8ng d\u1ee5ng c\u00f4ng ngh\u1ec7 \u0111i\u1ec7n ph\u00e2n ti\u00ean ti\u1ebfn, t\u1ea1o n\u01b0\u1edbc gi\u00e0u hydrogen gi\u00fap trung h\u00f2a c\u00e1c g\u1ed1c t\u1ef1 do, h\u1ed7 tr\u1ee3 t\u0103ng c\u01b0\u1eddng s\u1ee9c kh\u1ecfe v\u00e0 l\u00e0m ch\u1eadm qu\u00e1 tr\u00ecnh l\u00e3o h\u00f3a<\/p>\n","protected":false},"featured_media":2106,"comment_status":"open","ping_status":"closed","template":"","meta":{"_kad_post_transparent":"default","_kad_post_title":"","_kad_post_layout":"default","_kad_post_sidebar_id":"","_kad_post_content_style":"default","_kad_post_vertical_padding":"default","_kad_post_feature":"","_kad_post_feature_position":"","_kad_post_header":false,"_kad_post_footer":false},"product_brand":[],"product_cat":[70],"product_tag":[],"class_list":{"0":"post-1916","1":"product","2":"type-product","3":"status-publish","4":"has-post-thumbnail","6":"product_cat-thiet-bi-dien-phan-gia-dung-2","8":"first","9":"instock","10":"shipping-taxable","11":"purchasable","12":"product-type-variable","13":"entry","14":"content-bg","15":"loop-entry"},"yoast_head":"<!-- This site is optimized with the Yoast SEO plugin v25.0 - https:\/\/yoast.com\/wordpress\/plugins\/seo\/ -->\n<title>B\u00ecnh t\u1ea1o n\u01b0\u1edbc di \u0111\u1ed9ng gi\u00e0u hydrogen Eco Green - greensolutionsvn.com<\/title>\n<meta name=\"robots\" content=\"index, follow, max-snippet:-1, max-image-preview:large, max-video-preview:-1\" \/>\n<link rel=\"canonical\" href=\"https:\/\/webcu.greensolutionsvn.com\/index.php\/san-pham\/binh-tao-nuoc-ion-kiem-eco-green\" \/>\n<meta property=\"og:locale\" content=\"vi_VN\" \/>\n<meta property=\"og:type\" content=\"article\" \/>\n<meta property=\"og:title\" content=\"B\u00ecnh t\u1ea1o n\u01b0\u1edbc di \u0111\u1ed9ng gi\u00e0u hydrogen Eco Green - greensolutionsvn.com\" \/>\n<meta property=\"og:description\" content=\"\u1ee8ng d\u1ee5ng c\u00f4ng ngh\u1ec7 \u0111i\u1ec7n ph\u00e2n ti\u00ean ti\u1ebfn, t\u1ea1o n\u01b0\u1edbc gi\u00e0u hydrogen gi\u00fap trung h\u00f2a c\u00e1c g\u1ed1c t\u1ef1 do, h\u1ed7 tr\u1ee3 t\u0103ng c\u01b0\u1eddng s\u1ee9c kh\u1ecfe v\u00e0 l\u00e0m ch\u1eadm qu\u00e1 tr\u00ecnh l\u00e3o h\u00f3a\" \/>\n<meta property=\"og:url\" content=\"https:\/\/webcu.greensolutionsvn.com\/index.php\/san-pham\/binh-tao-nuoc-ion-kiem-eco-green\" \/>\n<meta property=\"og:site_name\" content=\"greensolutionsvn.com\" \/>\n<meta property=\"article:modified_time\" content=\"2025-07-08T09:37:12+00:00\" \/>\n<meta property=\"og:image\" content=\"https:\/\/webcu.greensolutionsvn.com\/wp-content\/uploads\/2025\/06\/gmfh.png\" \/>\n\t<meta property=\"og:image:width\" content=\"1457\" \/>\n\t<meta property=\"og:image:height\" content=\"1934\" \/>\n\t<meta property=\"og:image:type\" content=\"image\/png\" \/>\n<meta name=\"twitter:card\" content=\"summary_large_image\" \/>\n<meta name=\"twitter:label1\" content=\"\u01af\u1edbc t\u00ednh th\u1eddi gian \u0111\u1ecdc\" \/>\n\t<meta name=\"twitter:data1\" content=\"1 ph\u00fat\" \/>\n<script type=\"application\/ld+json\" class=\"yoast-schema-graph\">{\"@context\":\"https:\/\/schema.org\",\"@graph\":[{\"@type\":\"WebPage\",\"@id\":\"https:\/\/webcu.greensolutionsvn.com\/index.php\/san-pham\/binh-tao-nuoc-ion-kiem-eco-green\",\"url\":\"https:\/\/webcu.greensolutionsvn.com\/index.php\/san-pham\/binh-tao-nuoc-ion-kiem-eco-green\",\"name\":\"B\u00ecnh t\u1ea1o n\u01b0\u1edbc di \u0111\u1ed9ng gi\u00e0u hydrogen Eco Green - greensolutionsvn.com\",\"isPartOf\":{\"@id\":\"https:\/\/webcu.greensolutionsvn.com\/#website\"},\"primaryImageOfPage\":{\"@id\":\"https:\/\/webcu.greensolutionsvn.com\/index.php\/san-pham\/binh-tao-nuoc-ion-kiem-eco-green#primaryimage\"},\"image\":{\"@id\":\"https:\/\/webcu.greensolutionsvn.com\/index.php\/san-pham\/binh-tao-nuoc-ion-kiem-eco-green#primaryimage\"},\"thumbnailUrl\":\"https:\/\/webcu.greensolutionsvn.com\/wp-content\/uploads\/2025\/06\/gmfh.png\",\"datePublished\":\"2025-05-11T10:47:20+00:00\",\"dateModified\":\"2025-07-08T09:37:12+00:00\",\"breadcrumb\":{\"@id\":\"https:\/\/webcu.greensolutionsvn.com\/index.php\/san-pham\/binh-tao-nuoc-ion-kiem-eco-green#breadcrumb\"},\"inLanguage\":\"vi\",\"potentialAction\":[{\"@type\":\"ReadAction\",\"target\":[\"https:\/\/webcu.greensolutionsvn.com\/index.php\/san-pham\/binh-tao-nuoc-ion-kiem-eco-green\"]}]},{\"@type\":\"ImageObject\",\"inLanguage\":\"vi\",\"@id\":\"https:\/\/webcu.greensolutionsvn.com\/index.php\/san-pham\/binh-tao-nuoc-ion-kiem-eco-green#primaryimage\",\"url\":\"https:\/\/webcu.greensolutionsvn.com\/wp-content\/uploads\/2025\/06\/gmfh.png\",\"contentUrl\":\"https:\/\/webcu.greensolutionsvn.com\/wp-content\/uploads\/2025\/06\/gmfh.png\",\"width\":1457,\"height\":1934},{\"@type\":\"BreadcrumbList\",\"@id\":\"https:\/\/webcu.greensolutionsvn.com\/index.php\/san-pham\/binh-tao-nuoc-ion-kiem-eco-green#breadcrumb\",\"itemListElement\":[{\"@type\":\"ListItem\",\"position\":1,\"name\":\"Trang ch\u1ee7\",\"item\":\"https:\/\/webcu.greensolutionsvn.com\/\"},{\"@type\":\"ListItem\",\"position\":2,\"name\":\"S\u1ea3n ph\u1ea9m\",\"item\":\"https:\/\/webcu.greensolutionsvn.com\/index.php\/shop\"},{\"@type\":\"ListItem\",\"position\":3,\"name\":\"B\u00ecnh t\u1ea1o n\u01b0\u1edbc di \u0111\u1ed9ng gi\u00e0u hydrogen Eco Green\"}]},{\"@type\":\"WebSite\",\"@id\":\"https:\/\/webcu.greensolutionsvn.com\/#website\",\"url\":\"https:\/\/webcu.greensolutionsvn.com\/\",\"name\":\"greensolutionsvn.com\",\"description\":\"GREEN SOLUTIONS VN l\u00e0 c\u00f4ng ty chuy\u00ean cung c\u1ea5p c\u00e1c gi\u1ea3i ph\u00e1p n\u01b0\u1edbc s\u1ea1ch to\u00e0n di\u1ec7n, bao g\u1ed3m thi\u1ebft b\u1ecb l\u1ecdc n\u01b0\u1edbc v\u00e0 m\u00e1y t\u1ea1o n\u01b0\u1edbc ion ki\u1ec1m. V\u1edbi m\u1ee5c ti\u00eau mang \u0111\u1ebfn ngu\u1ed3n n\u01b0\u1edbc ch\u1ea5t l\u01b0\u1ee3ng cao, an to\u00e0n cho s\u1ee9c kh\u1ecfe.\",\"publisher\":{\"@id\":\"https:\/\/webcu.greensolutionsvn.com\/#organization\"},\"potentialAction\":[{\"@type\":\"SearchAction\",\"target\":{\"@type\":\"EntryPoint\",\"urlTemplate\":\"https:\/\/webcu.greensolutionsvn.com\/?s={search_term_string}\"},\"query-input\":{\"@type\":\"PropertyValueSpecification\",\"valueRequired\":true,\"valueName\":\"search_term_string\"}}],\"inLanguage\":\"vi\"},{\"@type\":\"Organization\",\"@id\":\"https:\/\/webcu.greensolutionsvn.com\/#organization\",\"name\":\"greensolutionsvn.com\",\"url\":\"https:\/\/webcu.greensolutionsvn.com\/\",\"logo\":{\"@type\":\"ImageObject\",\"inLanguage\":\"vi\",\"@id\":\"https:\/\/webcu.greensolutionsvn.com\/#\/schema\/logo\/image\/\",\"url\":\"https:\/\/webcu.greensolutionsvn.com\/wp-content\/uploads\/2025\/03\/cropped-Artboard-1-2.png\",\"contentUrl\":\"https:\/\/webcu.greensolutionsvn.com\/wp-content\/uploads\/2025\/03\/cropped-Artboard-1-2.png\",\"width\":375,\"height\":375,\"caption\":\"greensolutionsvn.com\"},\"image\":{\"@id\":\"https:\/\/webcu.greensolutionsvn.com\/#\/schema\/logo\/image\/\"}}]}<\/script>\n<!-- \/ Yoast SEO plugin. -->","yoast_head_json":{"title":"B\u00ecnh t\u1ea1o n\u01b0\u1edbc di \u0111\u1ed9ng gi\u00e0u hydrogen Eco Green - greensolutionsvn.com","robots":{"index":"index","follow":"follow","max-snippet":"max-snippet:-1","max-image-preview":"max-image-preview:large","max-video-preview":"max-video-preview:-1"},"canonical":"https:\/\/webcu.greensolutionsvn.com\/index.php\/san-pham\/binh-tao-nuoc-ion-kiem-eco-green","og_locale":"vi_VN","og_type":"article","og_title":"B\u00ecnh t\u1ea1o n\u01b0\u1edbc di \u0111\u1ed9ng gi\u00e0u hydrogen Eco Green - greensolutionsvn.com","og_description":"\u1ee8ng d\u1ee5ng c\u00f4ng ngh\u1ec7 \u0111i\u1ec7n ph\u00e2n ti\u00ean ti\u1ebfn, t\u1ea1o n\u01b0\u1edbc gi\u00e0u hydrogen gi\u00fap trung h\u00f2a c\u00e1c g\u1ed1c t\u1ef1 do, h\u1ed7 tr\u1ee3 t\u0103ng c\u01b0\u1eddng s\u1ee9c kh\u1ecfe v\u00e0 l\u00e0m ch\u1eadm qu\u00e1 tr\u00ecnh l\u00e3o h\u00f3a","og_url":"https:\/\/webcu.greensolutionsvn.com\/index.php\/san-pham\/binh-tao-nuoc-ion-kiem-eco-green","og_site_name":"greensolutionsvn.com","article_modified_time":"2025-07-08T09:37:12+00:00","og_image":[{"width":1457,"height":1934,"url":"https:\/\/webcu.greensolutionsvn.com\/wp-content\/uploads\/2025\/06\/gmfh.png","type":"image\/png"}],"twitter_card":"summary_large_image","twitter_misc":{"\u01af\u1edbc t\u00ednh th\u1eddi gian \u0111\u1ecdc":"1 ph\u00fat"},"schema":{"@context":"https:\/\/schema.org","@graph":[{"@type":"WebPage","@id":"https:\/\/webcu.greensolutionsvn.com\/index.php\/san-pham\/binh-tao-nuoc-ion-kiem-eco-green","url":"https:\/\/webcu.greensolutionsvn.com\/index.php\/san-pham\/binh-tao-nuoc-ion-kiem-eco-green","name":"B\u00ecnh t\u1ea1o n\u01b0\u1edbc di \u0111\u1ed9ng gi\u00e0u hydrogen Eco Green - greensolutionsvn.com","isPartOf":{"@id":"https:\/\/webcu.greensolutionsvn.com\/#website"},"primaryImageOfPage":{"@id":"https:\/\/webcu.greensolutionsvn.com\/index.php\/san-pham\/binh-tao-nuoc-ion-kiem-eco-green#primaryimage"},"image":{"@id":"https:\/\/webcu.greensolutionsvn.com\/index.php\/san-pham\/binh-tao-nuoc-ion-kiem-eco-green#primaryimage"},"thumbnailUrl":"https:\/\/webcu.greensolutionsvn.com\/wp-content\/uploads\/2025\/06\/gmfh.png","datePublished":"2025-05-11T10:47:20+00:00","dateModified":"2025-07-08T09:37:12+00:00","breadcrumb":{"@id":"https:\/\/webcu.greensolutionsvn.com\/index.php\/san-pham\/binh-tao-nuoc-ion-kiem-eco-green#breadcrumb"},"inLanguage":"vi","potentialAction":[{"@type":"ReadAction","target":["https:\/\/webcu.greensolutionsvn.com\/index.php\/san-pham\/binh-tao-nuoc-ion-kiem-eco-green"]}]},{"@type":"ImageObject","inLanguage":"vi","@id":"https:\/\/webcu.greensolutionsvn.com\/index.php\/san-pham\/binh-tao-nuoc-ion-kiem-eco-green#primaryimage","url":"https:\/\/webcu.greensolutionsvn.com\/wp-content\/uploads\/2025\/06\/gmfh.png","contentUrl":"https:\/\/webcu.greensolutionsvn.com\/wp-content\/uploads\/2025\/06\/gmfh.png","width":1457,"height":1934},{"@type":"BreadcrumbList","@id":"https:\/\/webcu.greensolutionsvn.com\/index.php\/san-pham\/binh-tao-nuoc-ion-kiem-eco-green#breadcrumb","itemListElement":[{"@type":"ListItem","position":1,"name":"Trang ch\u1ee7","item":"https:\/\/webcu.greensolutionsvn.com\/"},{"@type":"ListItem","position":2,"name":"S\u1ea3n ph\u1ea9m","item":"https:\/\/webcu.greensolutionsvn.com\/index.php\/shop"},{"@type":"ListItem","position":3,"name":"B\u00ecnh t\u1ea1o n\u01b0\u1edbc di \u0111\u1ed9ng gi\u00e0u hydrogen Eco Green"}]},{"@type":"WebSite","@id":"https:\/\/webcu.greensolutionsvn.com\/#website","url":"https:\/\/webcu.greensolutionsvn.com\/","name":"greensolutionsvn.com","description":"GREEN SOLUTIONS VN l\u00e0 c\u00f4ng ty chuy\u00ean cung c\u1ea5p c\u00e1c gi\u1ea3i ph\u00e1p n\u01b0\u1edbc s\u1ea1ch to\u00e0n di\u1ec7n, bao g\u1ed3m thi\u1ebft b\u1ecb l\u1ecdc n\u01b0\u1edbc v\u00e0 m\u00e1y t\u1ea1o n\u01b0\u1edbc ion ki\u1ec1m. V\u1edbi m\u1ee5c ti\u00eau mang \u0111\u1ebfn ngu\u1ed3n n\u01b0\u1edbc ch\u1ea5t l\u01b0\u1ee3ng cao, an to\u00e0n cho s\u1ee9c kh\u1ecfe.","publisher":{"@id":"https:\/\/webcu.greensolutionsvn.com\/#organization"},"potentialAction":[{"@type":"SearchAction","target":{"@type":"EntryPoint","urlTemplate":"https:\/\/webcu.greensolutionsvn.com\/?s={search_term_string}"},"query-input":{"@type":"PropertyValueSpecification","valueRequired":true,"valueName":"search_term_string"}}],"inLanguage":"vi"},{"@type":"Organization","@id":"https:\/\/webcu.greensolutionsvn.com\/#organization","name":"greensolutionsvn.com","url":"https:\/\/webcu.greensolutionsvn.com\/","logo":{"@type":"ImageObject","inLanguage":"vi","@id":"https:\/\/webcu.greensolutionsvn.com\/#\/schema\/logo\/image\/","url":"https:\/\/webcu.greensolutionsvn.com\/wp-content\/uploads\/2025\/03\/cropped-Artboard-1-2.png","contentUrl":"https:\/\/webcu.greensolutionsvn.com\/wp-content\/uploads\/2025\/03\/cropped-Artboard-1-2.png","width":375,"height":375,"caption":"greensolutionsvn.com"},"image":{"@id":"https:\/\/webcu.greensolutionsvn.com\/#\/schema\/logo\/image\/"}}]}},"_links":{"self":[{"href":"https:\/\/webcu.greensolutionsvn.com\/index.php\/wp-json\/wp\/v2\/product\/1916","targetHints":{"allow":["GET"]}}],"collection":[{"href":"https:\/\/webcu.greensolutionsvn.com\/index.php\/wp-json\/wp\/v2\/product"}],"about":[{"href":"https:\/\/webcu.greensolutionsvn.com\/index.php\/wp-json\/wp\/v2\/types\/product"}],"replies":[{"embeddable":true,"href":"https:\/\/webcu.greensolutionsvn.com\/index.php\/wp-json\/wp\/v2\/comments?post=1916"}],"wp:featuredmedia":[{"embeddable":true,"href":"https:\/\/webcu.greensolutionsvn.com\/index.php\/wp-json\/wp\/v2\/media\/2106"}],"wp:attachment":[{"href":"https:\/\/webcu.greensolutionsvn.com\/index.php\/wp-json\/wp\/v2\/media?parent=1916"}],"wp:term":[{"taxonomy":"product_brand","embeddable":true,"href":"https:\/\/webcu.greensolutionsvn.com\/index.php\/wp-json\/wp\/v2\/product_brand?post=1916"},{"taxonomy":"product_cat","embeddable":true,"href":"https:\/\/webcu.greensolutionsvn.com\/index.php\/wp-json\/wp\/v2\/product_cat?post=1916"},{"taxonomy":"product_tag","embeddable":true,"href":"https:\/\/webcu.greensolutionsvn.com\/index.php\/wp-json\/wp\/v2\/product_tag?post=1916"}],"curies":[{"name":"wp","href":"https:\/\/api.w.org\/{rel}","templated":true}]}}