{"id":2065,"date":"2025-06-26T14:49:47","date_gmt":"2025-06-26T07:49:47","guid":{"rendered":"https:\/\/webcu.greensolutionsvn.com\/?post_type=product&#038;p=2065"},"modified":"2025-08-23T15:50:05","modified_gmt":"2025-08-23T08:50:05","slug":"may-rua-rau-cu-qua-cong-nghe-dien-phan-titan-phu-platium-ecogreen","status":"publish","type":"product","link":"https:\/\/webcu.greensolutionsvn.com\/index.php\/san-pham\/may-rua-rau-cu-qua-cong-nghe-dien-phan-titan-phu-platium-ecogreen","title":{"rendered":"M\u00e1y r\u1eeda rau c\u1ee7 qu\u1ea3 c\u00f4ng ngh\u1ec7 \u0111i\u1ec7n ph\u00e2n Titan ph\u1ee7 Platium ECOGREEN"},"content":{"rendered":"<div class=\"chat-item flx chat-item-audit chat-item-spacing --s1 \">\n<div class=\"chat-content flx flx-col flx-cell chat-content-audit\">\n<div id=\"bb_msg_id_1750917920129\" class=\"chat-message chat-message-v2 wrap-message rotate-container -send-time -reaction\" data-component=\"bubble-message\">\n<div class=\"message-wrapper\">\n<div class=\"message-content-wrapper\">\n<div class=\"message-content-render focused-background\">\n<div class=\" card shadow-bubble message-frame focused-item focused-item--has-border\" data-component=\"message-content-view\" data-qid=\"6743868961017@1750917920129_192141582318626946_192141582318626946\">\n<div class=\"\" data-id=\"div_DisabledTargetEventLayer\">\n<div class=\"message-action\">\n<div id=\"text-mCntr_6743868961017-1750917920129-192141582318626946-192141582318626946\" class=\"text-message__container\" data-id=\"div_ReceivedMsg_Text\">\n<div>\n<h4 class=\"overflow-hidden\" data-component=\"message-text-content\"><strong><span class=\"text\">RAU S\u1ea0CH CHU\u1ea8N KHOA H\u1eccC \u2013 B\u1ea2O V\u1ec6 GIA \u0110\u00ccNH B\u1eb0NG C\u00d4NG NGH\u1ec6 ION KI\u1ec0M\u00a0<\/span><\/strong><\/h4>\n<div class=\"overflow-hidden\" data-component=\"message-text-content\"><em><span class=\"text\"> B\u1ea1n c\u00f3 bi\u1ebft? Rau c\u1ee7 qu\u1ea3 ch\u00fang ta \u0103n h\u00e0ng ng\u00e0y c\u00f3 th\u1ec3 ch\u1ee9a d\u01b0 l\u01b0\u1ee3ng thu\u1ed1c tr\u1eeb s\u00e2u, vi khu\u1ea9n, vi r\u00fat\u2026 m\u00e0 m\u1eaft th\u01b0\u1eddng kh\u00f4ng th\u1ea5y \u0111\u01b0\u1ee3c! <\/span><\/em><\/div>\n<div class=\"overflow-hidden\" data-component=\"message-text-content\"><span class=\"text\">Gi\u1edd \u0111\u00e2y, v\u1edbi M\u00c1Y R\u1eecA RAU C\u1ee6 QU\u1ea2 C\u00d4NG NGH\u1ec6 ION KI\u1ec0M \u0110I\u1ec6N PH\u00c2N, b\u1ea1n c\u00f3 th\u1ec3 ho\u00e0n to\u00e0n y\u00ean t\u00e2m b\u1ea3o v\u1ec7 s\u1ee9c kh\u1ecfe gia \u0111\u00ecnh.<\/span><\/div>\n<div data-component=\"message-text-content\"><img fetchpriority=\"high\" decoding=\"async\" class=\"wp-image-2112 aligncenter\" src=\"https:\/\/webcu.greensolutionsvn.com\/wp-content\/uploads\/2025\/06\/2-300x208.png\" alt=\"\" width=\"972\" height=\"674\" srcset=\"https:\/\/webcu.greensolutionsvn.com\/wp-content\/uploads\/2025\/06\/2-300x208.png 300w, https:\/\/webcu.greensolutionsvn.com\/wp-content\/uploads\/2025\/06\/2-1024x710.png 1024w, https:\/\/webcu.greensolutionsvn.com\/wp-content\/uploads\/2025\/06\/2-768x533.png 768w, https:\/\/webcu.greensolutionsvn.com\/wp-content\/uploads\/2025\/06\/2-1536x1065.png 1536w, https:\/\/webcu.greensolutionsvn.com\/wp-content\/uploads\/2025\/06\/2-600x416.png 600w, https:\/\/webcu.greensolutionsvn.com\/wp-content\/uploads\/2025\/06\/2.png 1557w\" sizes=\"(max-width: 972px) 100vw, 972px\" \/><\/div>\n<h5 class=\"overflow-hidden\" data-component=\"message-text-content\"><span class=\"text\">\u00a0C\u00d4NG NGH\u1ec6 \u0110\u1ed8T PH\u00c1 \u2013 AN TO\u00c0N KH\u00d4NG HO\u00c1 CH\u1ea4T <\/span><\/h5>\n<ul>\n<li class=\"overflow-hidden\" data-component=\"message-text-content\"><span class=\"text\">\u00a0\u0110i\u1ec7n ph\u00e2n 2 c\u1ef1c Titanium ph\u1ee7 Platinum: Gi\u1ea3i ph\u00f3ng Oxy &amp; Hydro ph\u00e1 v\u1ee1 c\u1ea5u tr\u00fac t\u1ebf b\u00e0o vi khu\u1ea9n, l\u00e0m s\u1ea1ch hi\u1ec7u qu\u1ea3. <\/span><\/li>\n<li class=\"overflow-hidden\" data-component=\"message-text-content\"><span class=\"text\">\u00a0Ion OH\u207b ki\u1ec1m nh\u1eb9: Lo\u1ea1i b\u1ecf d\u01b0 l\u01b0\u1ee3ng thu\u1ed1c tr\u1eeb s\u00e2u, ch\u1ea5t b\u1ea9n b\u00e1m tr\u00ean b\u1ec1 m\u1eb7t rau qu\u1ea3. <\/span><\/li>\n<li class=\"overflow-hidden\" data-component=\"message-text-content\"><span class=\"text\">\u00a0Ph\u00e2n t\u00e1ch ph\u00e2n t\u1eed n\u01b0\u1edbc: Th\u1ea9m th\u1ea5u s\u00e2u v\u00e0o rau c\u1ee7, gi\u00fap rau t\u01b0\u01a1i l\u00e2u h\u01a1n. <\/span><\/li>\n<li class=\"overflow-hidden\" data-component=\"message-text-content\"><span class=\"text\">\u00a0T\u1ea1o h\u1ee3p ch\u1ea5t HClO: T\u1ea9y tr\u1eafng, kh\u1eed m\u00f9i hi\u1ec7u qu\u1ea3 m\u00e0 kh\u00f4ng c\u1ea7n d\u00f9ng b\u1ea5t k\u1ef3 ho\u00e1 ch\u1ea5t n\u00e0o! <\/span><\/li>\n<\/ul>\n<h5 class=\"overflow-hidden\" data-component=\"message-text-content\"><span class=\"text\">\u00a02 CH\u1ebe \u0110\u1ed8 LINH HO\u1ea0T \u2013 \u0110\u01a0N GI\u1ea2N \u2013 HI\u1ec6U QU\u1ea2<\/span><\/h5>\n<ul>\n<li class=\"overflow-hidden\" data-component=\"message-text-content\"><span class=\"text\">\u00a0R\u1eeda rau nhanh: 1.5 ph\u00fat <\/span><\/li>\n<li class=\"overflow-hidden\" data-component=\"message-text-content\"><span class=\"text\">T\u1ea9y r\u1eeda s\u00e2u, ng\u00e2m th\u1ecbt c\u00e1: tu\u1ef3 ch\u1ec9nh \u0111\u1ebfn 9 ph\u00fat <\/span><\/li>\n<li class=\"overflow-hidden\" data-component=\"message-text-content\"><span class=\"text\">M\u00e1y t\u1ef1 \u0111\u1ed9ng ng\u1eaft khi k\u1ebft th\u00fac \u2013 c\u1ef1c k\u1ef3 ti\u1ec7n l\u1ee3i v\u00e0 an to\u00e0n.<\/span><\/li>\n<\/ul>\n<h5 class=\"overflow-hidden\" data-component=\"message-text-content\"><span class=\"text\">C\u00d4NG D\u1ee4NG TUY\u1ec6T V\u1edcI <\/span><\/h5>\n<ul>\n<li class=\"overflow-hidden\" data-component=\"message-text-content\"><span class=\"text\"> L\u00e0m s\u1ea1ch rau c\u1ee7, tr\u00e1i c\u00e2y, th\u1ecbt c\u00e1 an to\u00e0n <\/span><\/li>\n<li class=\"overflow-hidden\" data-component=\"message-text-content\"><span class=\"text\"> Ti\u1ebft ki\u1ec7m th\u1eddi gian v\u00e0 n\u01b0\u1edbc <\/span><\/li>\n<li class=\"overflow-hidden\" data-component=\"message-text-content\"><span class=\"text\"> Kh\u00f4ng c\u1ea7n d\u00f9ng ho\u00e1 ch\u1ea5t <\/span><\/li>\n<li class=\"overflow-hidden\" data-component=\"message-text-content\"><span class=\"text\"> B\u1ea3o v\u1ec7 s\u1ee9c kho\u1ebb &amp; th\u00e2n thi\u1ec7n m\u00f4i tr\u01b0\u1eddng <\/span><\/li>\n<\/ul>\n<div class=\"overflow-hidden\" data-component=\"message-text-content\"><strong><span class=\"text\">\u00a0D\u00e0nh cho gia \u0111\u00ecnh hi\u1ec7n \u0111\u1ea1i \u2013 Ng\u01b0\u1eddi n\u1ed9i tr\u1ee3 th\u00f4ng minh! <\/span><\/strong><\/div>\n<div class=\"overflow-hidden\" data-component=\"message-text-content\"><span class=\"text\">S\u1edf h\u1eefu ngay m\u1ed9t \u201ctr\u1ee3 l\u00fd\u201d nh\u00e0 b\u1ebfp nh\u1ecf g\u1ecdn nh\u01b0ng si\u00eau th\u00f4ng minh n\u00e0y \u0111\u1ec3 mang l\u1ea1i b\u1eefa \u0103n s\u1ea1ch \u2013 l\u00e0nh \u2013 an to\u00e0n m\u1ed7i ng\u00e0y!<\/span><\/div>\n<div class=\"overflow-hidden\" data-component=\"message-text-content\"><span class=\"text\"> #mayruarau #mayruaraucuqua #ecogreen #dienphanmagiecuctan #ionkiemtuoi #aikibi #maylocnuocionkiem #greensolutionsvn<\/span><\/div>\n<\/div>\n<\/div>\n<\/div>\n<div class=\"message-reaction-container message-reaction-container-v2 has-reacts has-send-time show-react-btn always-display \">\n<div class=\"reacts-list reaction-shadow \" data-id=\"div_ReceivedMsg.ReactList\">\n<div class=\"react-icon-list\"><\/div>\n<\/div>\n<div id=\"reaction-btn-6743868961017\" data-id=\"btn_ReceivedMsg_React\">\n<div class=\"emoji-list-wrapper hide-elist\">\n<div class=\"reaction-emoji-list\">\n<div class=\"reaction-emoji-icon\"><\/div>\n<div class=\"reaction-emoji-icon\"><\/div>\n<\/div>\n<div class=\"reaction-emoji-bottom\"><\/div>\n<\/div>\n<\/div>\n<\/div>\n<\/div>\n<\/div>\n<div class=\"floating-menu-wrapper floating-menu-wrapper--other\">\n<div>\n<div class=\"MQA-container\">\n<div class=\"MQA-contents\">\n<div class=\"MSABtn-btn\" title=\"Tr\u1ea3 l\u1eddi\" data-translate-title=\"STR_REPLY_MSG\">\n<div class=\"MSABtn-btn-icon-wrapper\"><\/div>\n<\/div>\n<div class=\"MSABtn-btn\" title=\"Chia s\u1ebb\" data-translate-title=\"STR_FORWARD_MSG\">\n<div class=\"MSABtn-btn-icon-wrapper\"><\/div>\n<\/div>\n<div class=\"MSABtn-btn\" title=\"Th\u00eam\" data-translate-title=\"STR_MORE_OPTIONS\">\n<div class=\"MSABtn-btn-icon-wrapper\"><\/div>\n<\/div>\n<\/div>\n<\/div>\n<\/div>\n<\/div>\n<\/div>\n<div class=\"message-reaction-v2-space\"><\/div>\n<\/div>\n<\/div>\n<\/div>\n<\/div>\n<\/div>\n<div class=\"chat-item flx chat-item-audit chat-item-spacing --s2 \">\n<div class=\"chat-content flx flx-col flx-cell chat-content-audit\">\n<div id=\"bb_msg_id_1750917929993\" class=\"chat-message chat-message-v2 wrap-message rotate-container -send-time -reaction\" data-component=\"bubble-message\">\n<div class=\"message-wrapper\">\n<div class=\"message-content-wrapper\">\n<div class=\"message-content-render focused-background\">\n<div class=\" pin-react last-msg card shadow-bubble message-frame focused-item focused-item--has-border\" data-component=\"message-content-view\" data-qid=\"6743869348608@1750917929993_192141582318626946_192141582318626946\">\n<div class=\"\" data-id=\"div_DisabledTargetEventLayer\">\n<div class=\"message-action\">\n<div id=\"text-mCntr_6743869348608-1750917929993-192141582318626946-192141582318626946\" class=\"text-message__container\" data-id=\"div_ReceivedMsg_Text\">\n<div><\/div>\n<\/div>\n<\/div>\n<\/div>\n<\/div>\n<\/div>\n<\/div>\n<\/div>\n<\/div>\n<\/div>\n<\/div>\n","protected":false},"excerpt":{"rendered":"<p>Lo\u1ea1i b\u1ecf vi khu\u1ea9n, vi r\u00fat, n\u1ea5m m\u1ed1c v\u00e0 d\u01b0 l\u01b0\u1ee3ng thu\u1ed1c tr\u1eeb s\u00e2u, thu\u1ed1c b\u1ea3o v\u1ec7 th\u1ef1c v\u1eadt tr\u00ean rau c\u1ee7, tr\u00e1i c\u00e2y&#8230;<\/p>\n","protected":false},"featured_media":2186,"comment_status":"open","ping_status":"closed","template":"","meta":{"_kad_post_transparent":"default","_kad_post_title":"","_kad_post_layout":"default","_kad_post_sidebar_id":"","_kad_post_content_style":"default","_kad_post_vertical_padding":"default","_kad_post_feature":"","_kad_post_feature_position":"","_kad_post_header":false,"_kad_post_footer":false},"product_brand":[],"product_cat":[70],"product_tag":[],"class_list":{"0":"post-2065","1":"product","2":"type-product","3":"status-publish","4":"has-post-thumbnail","6":"product_cat-thiet-bi-dien-phan-gia-dung-2","8":"first","9":"instock","10":"shipping-taxable","11":"purchasable","12":"product-type-simple","13":"entry","14":"content-bg","15":"loop-entry"},"yoast_head":"<!-- This site is optimized with the Yoast SEO plugin v25.0 - https:\/\/yoast.com\/wordpress\/plugins\/seo\/ -->\n<title>M\u00e1y r\u1eeda rau c\u1ee7 qu\u1ea3 c\u00f4ng ngh\u1ec7 \u0111i\u1ec7n ph\u00e2n Titan ph\u1ee7 Platium ECOGREEN - greensolutionsvn.com<\/title>\n<meta name=\"robots\" content=\"index, follow, max-snippet:-1, max-image-preview:large, max-video-preview:-1\" \/>\n<link rel=\"canonical\" href=\"https:\/\/webcu.greensolutionsvn.com\/index.php\/san-pham\/may-rua-rau-cu-qua-cong-nghe-dien-phan-titan-phu-platium-ecogreen\" \/>\n<meta property=\"og:locale\" content=\"vi_VN\" \/>\n<meta property=\"og:type\" content=\"article\" \/>\n<meta property=\"og:title\" content=\"M\u00e1y r\u1eeda rau c\u1ee7 qu\u1ea3 c\u00f4ng ngh\u1ec7 \u0111i\u1ec7n ph\u00e2n Titan ph\u1ee7 Platium ECOGREEN - greensolutionsvn.com\" \/>\n<meta property=\"og:description\" content=\"Lo\u1ea1i b\u1ecf vi khu\u1ea9n, vi r\u00fat, n\u1ea5m m\u1ed1c v\u00e0 d\u01b0 l\u01b0\u1ee3ng thu\u1ed1c tr\u1eeb s\u00e2u, thu\u1ed1c b\u1ea3o v\u1ec7 th\u1ef1c v\u1eadt tr\u00ean rau c\u1ee7, tr\u00e1i c\u00e2y...\" \/>\n<meta property=\"og:url\" content=\"https:\/\/webcu.greensolutionsvn.com\/index.php\/san-pham\/may-rua-rau-cu-qua-cong-nghe-dien-phan-titan-phu-platium-ecogreen\" \/>\n<meta property=\"og:site_name\" content=\"greensolutionsvn.com\" \/>\n<meta property=\"article:modified_time\" content=\"2025-08-23T08:50:05+00:00\" \/>\n<meta property=\"og:image\" content=\"https:\/\/webcu.greensolutionsvn.com\/wp-content\/uploads\/2025\/06\/mayruacaucu.png\" \/>\n\t<meta property=\"og:image:width\" content=\"1000\" \/>\n\t<meta property=\"og:image:height\" content=\"1457\" \/>\n\t<meta property=\"og:image:type\" content=\"image\/png\" \/>\n<meta name=\"twitter:card\" content=\"summary_large_image\" \/>\n<meta name=\"twitter:label1\" content=\"\u01af\u1edbc t\u00ednh th\u1eddi gian \u0111\u1ecdc\" \/>\n\t<meta name=\"twitter:data1\" content=\"2 ph\u00fat\" \/>\n<script type=\"application\/ld+json\" class=\"yoast-schema-graph\">{\"@context\":\"https:\/\/schema.org\",\"@graph\":[{\"@type\":\"WebPage\",\"@id\":\"https:\/\/webcu.greensolutionsvn.com\/index.php\/san-pham\/may-rua-rau-cu-qua-cong-nghe-dien-phan-titan-phu-platium-ecogreen\",\"url\":\"https:\/\/webcu.greensolutionsvn.com\/index.php\/san-pham\/may-rua-rau-cu-qua-cong-nghe-dien-phan-titan-phu-platium-ecogreen\",\"name\":\"M\u00e1y r\u1eeda rau c\u1ee7 qu\u1ea3 c\u00f4ng ngh\u1ec7 \u0111i\u1ec7n ph\u00e2n Titan ph\u1ee7 Platium ECOGREEN - greensolutionsvn.com\",\"isPartOf\":{\"@id\":\"https:\/\/webcu.greensolutionsvn.com\/#website\"},\"primaryImageOfPage\":{\"@id\":\"https:\/\/webcu.greensolutionsvn.com\/index.php\/san-pham\/may-rua-rau-cu-qua-cong-nghe-dien-phan-titan-phu-platium-ecogreen#primaryimage\"},\"image\":{\"@id\":\"https:\/\/webcu.greensolutionsvn.com\/index.php\/san-pham\/may-rua-rau-cu-qua-cong-nghe-dien-phan-titan-phu-platium-ecogreen#primaryimage\"},\"thumbnailUrl\":\"https:\/\/webcu.greensolutionsvn.com\/wp-content\/uploads\/2025\/06\/mayruacaucu.png\",\"datePublished\":\"2025-06-26T07:49:47+00:00\",\"dateModified\":\"2025-08-23T08:50:05+00:00\",\"breadcrumb\":{\"@id\":\"https:\/\/webcu.greensolutionsvn.com\/index.php\/san-pham\/may-rua-rau-cu-qua-cong-nghe-dien-phan-titan-phu-platium-ecogreen#breadcrumb\"},\"inLanguage\":\"vi\",\"potentialAction\":[{\"@type\":\"ReadAction\",\"target\":[\"https:\/\/webcu.greensolutionsvn.com\/index.php\/san-pham\/may-rua-rau-cu-qua-cong-nghe-dien-phan-titan-phu-platium-ecogreen\"]}]},{\"@type\":\"ImageObject\",\"inLanguage\":\"vi\",\"@id\":\"https:\/\/webcu.greensolutionsvn.com\/index.php\/san-pham\/may-rua-rau-cu-qua-cong-nghe-dien-phan-titan-phu-platium-ecogreen#primaryimage\",\"url\":\"https:\/\/webcu.greensolutionsvn.com\/wp-content\/uploads\/2025\/06\/mayruacaucu.png\",\"contentUrl\":\"https:\/\/webcu.greensolutionsvn.com\/wp-content\/uploads\/2025\/06\/mayruacaucu.png\",\"width\":1000,\"height\":1457},{\"@type\":\"BreadcrumbList\",\"@id\":\"https:\/\/webcu.greensolutionsvn.com\/index.php\/san-pham\/may-rua-rau-cu-qua-cong-nghe-dien-phan-titan-phu-platium-ecogreen#breadcrumb\",\"itemListElement\":[{\"@type\":\"ListItem\",\"position\":1,\"name\":\"Trang ch\u1ee7\",\"item\":\"https:\/\/webcu.greensolutionsvn.com\/\"},{\"@type\":\"ListItem\",\"position\":2,\"name\":\"S\u1ea3n ph\u1ea9m\",\"item\":\"https:\/\/webcu.greensolutionsvn.com\/index.php\/shop\"},{\"@type\":\"ListItem\",\"position\":3,\"name\":\"M\u00e1y r\u1eeda rau c\u1ee7 qu\u1ea3 c\u00f4ng ngh\u1ec7 \u0111i\u1ec7n ph\u00e2n Titan ph\u1ee7 Platium ECOGREEN\"}]},{\"@type\":\"WebSite\",\"@id\":\"https:\/\/webcu.greensolutionsvn.com\/#website\",\"url\":\"https:\/\/webcu.greensolutionsvn.com\/\",\"name\":\"greensolutionsvn.com\",\"description\":\"GREEN SOLUTIONS VN l\u00e0 c\u00f4ng ty chuy\u00ean cung c\u1ea5p c\u00e1c gi\u1ea3i ph\u00e1p n\u01b0\u1edbc s\u1ea1ch to\u00e0n di\u1ec7n, bao g\u1ed3m thi\u1ebft b\u1ecb l\u1ecdc n\u01b0\u1edbc v\u00e0 m\u00e1y t\u1ea1o n\u01b0\u1edbc ion ki\u1ec1m. V\u1edbi m\u1ee5c ti\u00eau mang \u0111\u1ebfn ngu\u1ed3n n\u01b0\u1edbc ch\u1ea5t l\u01b0\u1ee3ng cao, an to\u00e0n cho s\u1ee9c kh\u1ecfe.\",\"publisher\":{\"@id\":\"https:\/\/webcu.greensolutionsvn.com\/#organization\"},\"potentialAction\":[{\"@type\":\"SearchAction\",\"target\":{\"@type\":\"EntryPoint\",\"urlTemplate\":\"https:\/\/webcu.greensolutionsvn.com\/?s={search_term_string}\"},\"query-input\":{\"@type\":\"PropertyValueSpecification\",\"valueRequired\":true,\"valueName\":\"search_term_string\"}}],\"inLanguage\":\"vi\"},{\"@type\":\"Organization\",\"@id\":\"https:\/\/webcu.greensolutionsvn.com\/#organization\",\"name\":\"greensolutionsvn.com\",\"url\":\"https:\/\/webcu.greensolutionsvn.com\/\",\"logo\":{\"@type\":\"ImageObject\",\"inLanguage\":\"vi\",\"@id\":\"https:\/\/webcu.greensolutionsvn.com\/#\/schema\/logo\/image\/\",\"url\":\"https:\/\/webcu.greensolutionsvn.com\/wp-content\/uploads\/2025\/03\/cropped-Artboard-1-2.png\",\"contentUrl\":\"https:\/\/webcu.greensolutionsvn.com\/wp-content\/uploads\/2025\/03\/cropped-Artboard-1-2.png\",\"width\":375,\"height\":375,\"caption\":\"greensolutionsvn.com\"},\"image\":{\"@id\":\"https:\/\/webcu.greensolutionsvn.com\/#\/schema\/logo\/image\/\"}}]}<\/script>\n<!-- \/ Yoast SEO plugin. -->","yoast_head_json":{"title":"M\u00e1y r\u1eeda rau c\u1ee7 qu\u1ea3 c\u00f4ng ngh\u1ec7 \u0111i\u1ec7n ph\u00e2n Titan ph\u1ee7 Platium ECOGREEN - greensolutionsvn.com","robots":{"index":"index","follow":"follow","max-snippet":"max-snippet:-1","max-image-preview":"max-image-preview:large","max-video-preview":"max-video-preview:-1"},"canonical":"https:\/\/webcu.greensolutionsvn.com\/index.php\/san-pham\/may-rua-rau-cu-qua-cong-nghe-dien-phan-titan-phu-platium-ecogreen","og_locale":"vi_VN","og_type":"article","og_title":"M\u00e1y r\u1eeda rau c\u1ee7 qu\u1ea3 c\u00f4ng ngh\u1ec7 \u0111i\u1ec7n ph\u00e2n Titan ph\u1ee7 Platium ECOGREEN - greensolutionsvn.com","og_description":"Lo\u1ea1i b\u1ecf vi khu\u1ea9n, vi r\u00fat, n\u1ea5m m\u1ed1c v\u00e0 d\u01b0 l\u01b0\u1ee3ng thu\u1ed1c tr\u1eeb s\u00e2u, thu\u1ed1c b\u1ea3o v\u1ec7 th\u1ef1c v\u1eadt tr\u00ean rau c\u1ee7, tr\u00e1i c\u00e2y...","og_url":"https:\/\/webcu.greensolutionsvn.com\/index.php\/san-pham\/may-rua-rau-cu-qua-cong-nghe-dien-phan-titan-phu-platium-ecogreen","og_site_name":"greensolutionsvn.com","article_modified_time":"2025-08-23T08:50:05+00:00","og_image":[{"width":1000,"height":1457,"url":"https:\/\/webcu.greensolutionsvn.com\/wp-content\/uploads\/2025\/06\/mayruacaucu.png","type":"image\/png"}],"twitter_card":"summary_large_image","twitter_misc":{"\u01af\u1edbc t\u00ednh th\u1eddi gian \u0111\u1ecdc":"2 ph\u00fat"},"schema":{"@context":"https:\/\/schema.org","@graph":[{"@type":"WebPage","@id":"https:\/\/webcu.greensolutionsvn.com\/index.php\/san-pham\/may-rua-rau-cu-qua-cong-nghe-dien-phan-titan-phu-platium-ecogreen","url":"https:\/\/webcu.greensolutionsvn.com\/index.php\/san-pham\/may-rua-rau-cu-qua-cong-nghe-dien-phan-titan-phu-platium-ecogreen","name":"M\u00e1y r\u1eeda rau c\u1ee7 qu\u1ea3 c\u00f4ng ngh\u1ec7 \u0111i\u1ec7n ph\u00e2n Titan ph\u1ee7 Platium ECOGREEN - greensolutionsvn.com","isPartOf":{"@id":"https:\/\/webcu.greensolutionsvn.com\/#website"},"primaryImageOfPage":{"@id":"https:\/\/webcu.greensolutionsvn.com\/index.php\/san-pham\/may-rua-rau-cu-qua-cong-nghe-dien-phan-titan-phu-platium-ecogreen#primaryimage"},"image":{"@id":"https:\/\/webcu.greensolutionsvn.com\/index.php\/san-pham\/may-rua-rau-cu-qua-cong-nghe-dien-phan-titan-phu-platium-ecogreen#primaryimage"},"thumbnailUrl":"https:\/\/webcu.greensolutionsvn.com\/wp-content\/uploads\/2025\/06\/mayruacaucu.png","datePublished":"2025-06-26T07:49:47+00:00","dateModified":"2025-08-23T08:50:05+00:00","breadcrumb":{"@id":"https:\/\/webcu.greensolutionsvn.com\/index.php\/san-pham\/may-rua-rau-cu-qua-cong-nghe-dien-phan-titan-phu-platium-ecogreen#breadcrumb"},"inLanguage":"vi","potentialAction":[{"@type":"ReadAction","target":["https:\/\/webcu.greensolutionsvn.com\/index.php\/san-pham\/may-rua-rau-cu-qua-cong-nghe-dien-phan-titan-phu-platium-ecogreen"]}]},{"@type":"ImageObject","inLanguage":"vi","@id":"https:\/\/webcu.greensolutionsvn.com\/index.php\/san-pham\/may-rua-rau-cu-qua-cong-nghe-dien-phan-titan-phu-platium-ecogreen#primaryimage","url":"https:\/\/webcu.greensolutionsvn.com\/wp-content\/uploads\/2025\/06\/mayruacaucu.png","contentUrl":"https:\/\/webcu.greensolutionsvn.com\/wp-content\/uploads\/2025\/06\/mayruacaucu.png","width":1000,"height":1457},{"@type":"BreadcrumbList","@id":"https:\/\/webcu.greensolutionsvn.com\/index.php\/san-pham\/may-rua-rau-cu-qua-cong-nghe-dien-phan-titan-phu-platium-ecogreen#breadcrumb","itemListElement":[{"@type":"ListItem","position":1,"name":"Trang ch\u1ee7","item":"https:\/\/webcu.greensolutionsvn.com\/"},{"@type":"ListItem","position":2,"name":"S\u1ea3n ph\u1ea9m","item":"https:\/\/webcu.greensolutionsvn.com\/index.php\/shop"},{"@type":"ListItem","position":3,"name":"M\u00e1y r\u1eeda rau c\u1ee7 qu\u1ea3 c\u00f4ng ngh\u1ec7 \u0111i\u1ec7n ph\u00e2n Titan ph\u1ee7 Platium ECOGREEN"}]},{"@type":"WebSite","@id":"https:\/\/webcu.greensolutionsvn.com\/#website","url":"https:\/\/webcu.greensolutionsvn.com\/","name":"greensolutionsvn.com","description":"GREEN SOLUTIONS VN l\u00e0 c\u00f4ng ty chuy\u00ean cung c\u1ea5p c\u00e1c gi\u1ea3i ph\u00e1p n\u01b0\u1edbc s\u1ea1ch to\u00e0n di\u1ec7n, bao g\u1ed3m thi\u1ebft b\u1ecb l\u1ecdc n\u01b0\u1edbc v\u00e0 m\u00e1y t\u1ea1o n\u01b0\u1edbc ion ki\u1ec1m. V\u1edbi m\u1ee5c ti\u00eau mang \u0111\u1ebfn ngu\u1ed3n n\u01b0\u1edbc ch\u1ea5t l\u01b0\u1ee3ng cao, an to\u00e0n cho s\u1ee9c kh\u1ecfe.","publisher":{"@id":"https:\/\/webcu.greensolutionsvn.com\/#organization"},"potentialAction":[{"@type":"SearchAction","target":{"@type":"EntryPoint","urlTemplate":"https:\/\/webcu.greensolutionsvn.com\/?s={search_term_string}"},"query-input":{"@type":"PropertyValueSpecification","valueRequired":true,"valueName":"search_term_string"}}],"inLanguage":"vi"},{"@type":"Organization","@id":"https:\/\/webcu.greensolutionsvn.com\/#organization","name":"greensolutionsvn.com","url":"https:\/\/webcu.greensolutionsvn.com\/","logo":{"@type":"ImageObject","inLanguage":"vi","@id":"https:\/\/webcu.greensolutionsvn.com\/#\/schema\/logo\/image\/","url":"https:\/\/webcu.greensolutionsvn.com\/wp-content\/uploads\/2025\/03\/cropped-Artboard-1-2.png","contentUrl":"https:\/\/webcu.greensolutionsvn.com\/wp-content\/uploads\/2025\/03\/cropped-Artboard-1-2.png","width":375,"height":375,"caption":"greensolutionsvn.com"},"image":{"@id":"https:\/\/webcu.greensolutionsvn.com\/#\/schema\/logo\/image\/"}}]}},"_links":{"self":[{"href":"https:\/\/webcu.greensolutionsvn.com\/index.php\/wp-json\/wp\/v2\/product\/2065","targetHints":{"allow":["GET"]}}],"collection":[{"href":"https:\/\/webcu.greensolutionsvn.com\/index.php\/wp-json\/wp\/v2\/product"}],"about":[{"href":"https:\/\/webcu.greensolutionsvn.com\/index.php\/wp-json\/wp\/v2\/types\/product"}],"replies":[{"embeddable":true,"href":"https:\/\/webcu.greensolutionsvn.com\/index.php\/wp-json\/wp\/v2\/comments?post=2065"}],"wp:featuredmedia":[{"embeddable":true,"href":"https:\/\/webcu.greensolutionsvn.com\/index.php\/wp-json\/wp\/v2\/media\/2186"}],"wp:attachment":[{"href":"https:\/\/webcu.greensolutionsvn.com\/index.php\/wp-json\/wp\/v2\/media?parent=2065"}],"wp:term":[{"taxonomy":"product_brand","embeddable":true,"href":"https:\/\/webcu.greensolutionsvn.com\/index.php\/wp-json\/wp\/v2\/product_brand?post=2065"},{"taxonomy":"product_cat","embeddable":true,"href":"https:\/\/webcu.greensolutionsvn.com\/index.php\/wp-json\/wp\/v2\/product_cat?post=2065"},{"taxonomy":"product_tag","embeddable":true,"href":"https:\/\/webcu.greensolutionsvn.com\/index.php\/wp-json\/wp\/v2\/product_tag?post=2065"}],"curies":[{"name":"wp","href":"https:\/\/api.w.org\/{rel}","templated":true}]}}